{"id":460,"date":"2024-04-26T07:42:47","date_gmt":"2024-04-26T07:42:47","guid":{"rendered":"https:\/\/b2b.mideer.lt\/product\/letter-magnets-26p-new\/"},"modified":"2025-10-18T06:01:13","modified_gmt":"2025-10-18T06:01:13","slug":"letter-magnets-26p-new","status":"publish","type":"product","link":"https:\/\/b2b.mideer.lt\/en\/product\/letter-magnets-26p-new\/","title":{"rendered":"Magnets for kids - Letters"},"content":{"rendered":"<p data-sourcepos=\"5:1-5:273\">Playful magnets for little learners! Sets about transport, numbers and letters will broaden your little ones' knowledge of the world. The magnets are large with rounded edges, making them comfortable and safe for little hands. Can be stuck on the fridge, oven, chalkboard and more!<\/p>\n<p data-sourcepos=\"7:1-7:94\">This set is for letters. Each magnet has a letter, an animal and its name.<\/p>\n<ul>\n<li><strong>Am\u017eius:<\/strong> 3+<\/li>\n<li><strong>Box Dimensions:<\/strong> 20.5 cm x 9.5 cm x 4.5 cm<\/li>\n<li><strong>Includes:<\/strong> 26 letters<\/li>\n<li><strong>Number of parts:<\/strong> 26 parts<\/li>\n<li><strong>Size of one part:<\/strong> Approx. 7 cm x 8 cm<\/li>\n<li><strong>Med\u017eiaga:<\/strong> Paper plate and magnet<\/li>\n<\/ul>","protected":false},"excerpt":{"rendered":"<p>\u017daismingi magnetukai ma\u017eiesiems mokinukams! Rinkiniai apie transport\u0105, skai\u010dius ir raides prapl\u0117s ma\u017eyli\u0173 \u017einias apie pasaul\u012f. Magnetukai dideli, suapvalintomis briaunomis, tod\u0117l patog\u016bs ir saug\u016bs ma\u017eoms rankyt\u0117ms. Galima klijuoti ant \u0161aldytuvo, orkait\u0117s, lentos ir kitur! \u0160is rinkinys skirtas raid\u0117ms. Ant kiekvieno magnetuko yra raid\u0117, gyv\u016bn\u0117lis ir jo pavadinimas. Am\u017eius: 3+ D\u0117\u017eut\u0117s Matmenys: 20.5 cm x 9.5 cm x 4.5 cm Komplekte: 26 raid\u0117s Dali\u0173 Skai\u010dius: 26 dali\u0173 Vieno Dalies Dydis: Apie 7 cm x 8 cm Med\u017eiaga: Popierin\u0117 plok\u0161t\u0117 ir magnetas<\/p>","protected":false},"featured_media":5066,"template":"","meta":[],"product_brand":[],"product_cat":[234,235,237,239,244,277,276],"product_tag":[191,16,63,40,123,135,192,193,36,194,21,25,195,22,196,108,23,76],"class_list":{"0":"post-460","1":"product","2":"type-product","3":"status-publish","4":"has-post-thumbnail","6":"product_cat-3-4-metai","7":"product_cat-5-6-metai","8":"product_cat-ankstyvo-lavinimo-zaidimai","9":"product_cat-daugiau-zaislu-ir-zaidimu","10":"product_cat-kas-populiaru","11":"product_cat-smart-products-filter-index-do-not-delete","12":"product_cat-zaislai-ir-zaidimai","13":"product_tag-abecele","14":"product_tag-age-3-4-years","15":"product_tag-best","16":"product_tag-best-sellers","17":"product_tag-early-learning-toys","18":"product_tag-edukaciniai","19":"product_tag-edukaciniai-magentai","20":"product_tag-gyvunu-magnetai","21":"product_tag-kol-koc","22":"product_tag-magnetukai","23":"product_tag-more-toys-games","24":"product_tag-new-arrivals","25":"product_tag-raidziu-magnetai","26":"product_tag-regular-sale","27":"product_tag-saldytuvo-magnetai","28":"product_tag-singles-day","29":"product_tag-test","30":"product_tag-us-warehouse","32":"first","33":"outofstock","34":"taxable","35":"shipping-taxable","36":"product-type-simple"},"jetpack_sharing_enabled":true,"_links":{"self":[{"href":"https:\/\/b2b.mideer.lt\/en\/wp-json\/wp\/v2\/product\/460"}],"collection":[{"href":"https:\/\/b2b.mideer.lt\/en\/wp-json\/wp\/v2\/product"}],"about":[{"href":"https:\/\/b2b.mideer.lt\/en\/wp-json\/wp\/v2\/types\/product"}],"wp:featuredmedia":[{"embeddable":true,"href":"https:\/\/b2b.mideer.lt\/en\/wp-json\/wp\/v2\/media\/5066"}],"wp:attachment":[{"href":"https:\/\/b2b.mideer.lt\/en\/wp-json\/wp\/v2\/media?parent=460"}],"wp:term":[{"taxonomy":"product_brand","embeddable":true,"href":"https:\/\/b2b.mideer.lt\/en\/wp-json\/wp\/v2\/product_brand?post=460"},{"taxonomy":"product_cat","embeddable":true,"href":"https:\/\/b2b.mideer.lt\/en\/wp-json\/wp\/v2\/product_cat?post=460"},{"taxonomy":"product_tag","embeddable":true,"href":"https:\/\/b2b.mideer.lt\/en\/wp-json\/wp\/v2\/product_tag?post=460"}],"curies":[{"name":"wp","href":"https:\/\/api.w.org\/{rel}","templated":true}]}}