{"id":4555,"date":"2024-08-29T16:29:25","date_gmt":"2024-08-29T16:29:25","guid":{"rendered":"https:\/\/b2b.mideer.lt\/product\/copy-of-artist-pen-pouch-pink-bunny\/"},"modified":"2026-04-14T22:03:25","modified_gmt":"2026-04-14T22:03:25","slug":"copy-of-artist-pen-pouch-pink-bunny","status":"publish","type":"product","link":"https:\/\/b2b.mideer.lt\/en\/product\/copy-of-artist-pen-pouch-pink-bunny\/","title":{"rendered":"Duplex pencil case: Green Raccoon"},"content":{"rendered":"<div class=\"richTextContainer\" data-mce-fragment=\"1\">\n<p class=\"first-token\" data-sourcepos=\"1:1-1:14\">This mideer flip-out double pencil case is a spacious pencil case and portable art station, making it perfect for budding artists. It's made from waterproof and stain-resistant material, so it can withstand creative spills. Inside, the thoughtful organisation of the layout helps to keep art supplies neatly stored and promotes order.<\/p>\n<p data-sourcepos=\"3:1-3:172\">Designed by young artists, this charming case combines functionality with charming aesthetics.<\/p>\n<ul>\n<li data-sourcepos=\"5:1-7:28\"><strong>Am\u017eius:<\/strong> 3+<\/li>\n<li data-sourcepos=\"5:1-7:28\"><strong>Dimensions:<\/strong> 18 cm x 9,5 cm x 2,5 cm<\/li>\n<\/ul>\n<\/div>","protected":false},"excerpt":{"rendered":"<p>\u0160is mideer i\u0161ver\u010diamas dvigubas penalas yra erdvus ra\u0161ymo priemoni\u0173 d\u0117klas ir ne\u0161iojama meno stotel\u0117, tod\u0117l jis puikiai tinka pradedantiems menininkams. Jis pagamintas i\u0161 vandeniui ir d\u0117m\u0117ms atsparios\u00a0med\u017eiagos, tod\u0117l atlaiko k\u016brybinius i\u0161siliejimus. Viduje apgalvotas daikt\u0173 i\u0161d\u0117stymo organizuotumas padeda tvarkingai laikyti meno reikmenis, skatina tvark\u0105. \u0160is \u017eavus d\u0117klas, sukurtas jauniesiems menininkams, derina funkcionalum\u0105 su \u017eavinga estetika. Am\u017eius: 3+ Matmenys: 18 cm x 9,5 cm x 2,5 cm<\/p>","protected":false},"featured_media":1346,"template":"","meta":[],"product_brand":[],"product_cat":[280,254,255],"product_tag":[16,17,18,27,24,36,22,39,108],"class_list":{"0":"post-4555","1":"product","2":"type-product","3":"status-publish","4":"has-post-thumbnail","6":"product_cat-akcija","7":"product_cat-mokyklos-reikmenys","8":"product_cat-naujienos","9":"product_tag-age-3-4-years","10":"product_tag-age-5-6-years","11":"product_tag-age-6-years","12":"product_tag-arts-crafts","13":"product_tag-bf-presale","14":"product_tag-kol-koc","15":"product_tag-regular-sale","16":"product_tag-school-supplies","17":"product_tag-singles-day","19":"first","20":"instock","21":"taxable","22":"shipping-taxable","23":"product-type-simple"},"jetpack_sharing_enabled":true,"_links":{"self":[{"href":"https:\/\/b2b.mideer.lt\/en\/wp-json\/wp\/v2\/product\/4555"}],"collection":[{"href":"https:\/\/b2b.mideer.lt\/en\/wp-json\/wp\/v2\/product"}],"about":[{"href":"https:\/\/b2b.mideer.lt\/en\/wp-json\/wp\/v2\/types\/product"}],"wp:featuredmedia":[{"embeddable":true,"href":"https:\/\/b2b.mideer.lt\/en\/wp-json\/wp\/v2\/media\/1346"}],"wp:attachment":[{"href":"https:\/\/b2b.mideer.lt\/en\/wp-json\/wp\/v2\/media?parent=4555"}],"wp:term":[{"taxonomy":"product_brand","embeddable":true,"href":"https:\/\/b2b.mideer.lt\/en\/wp-json\/wp\/v2\/product_brand?post=4555"},{"taxonomy":"product_cat","embeddable":true,"href":"https:\/\/b2b.mideer.lt\/en\/wp-json\/wp\/v2\/product_cat?post=4555"},{"taxonomy":"product_tag","embeddable":true,"href":"https:\/\/b2b.mideer.lt\/en\/wp-json\/wp\/v2\/product_tag?post=4555"}],"curies":[{"name":"wp","href":"https:\/\/api.w.org\/{rel}","templated":true}]}}