{"id":4551,"date":"2024-08-29T16:29:22","date_gmt":"2024-08-29T16:29:22","guid":{"rendered":"https:\/\/b2b.mideer.lt\/product\/drawing-coloring-book-boy\/"},"modified":"2026-04-05T07:32:18","modified_gmt":"2026-04-05T07:32:18","slug":"drawing-coloring-book-boy","status":"publish","type":"product","link":"https:\/\/b2b.mideer.lt\/en\/product\/drawing-coloring-book-boy\/","title":{"rendered":"Large Drawing Book Blue"},"content":{"rendered":"<p class=\"first-token\" data-sourcepos=\"1:1-1:12\"><strong>This Mideer large drawing book is perfect for your little one!<\/strong> It is detailed and playful, made of thick, high-quality paper, and convenient for travelling. It will also help your child develop creativity and motor skills. Buy this colouring book and let your child enjoy colouring for hours!<\/p>\n<p data-sourcepos=\"3:1-3:11\">This blue balloon-themed book offers 80 amazing designs including dinosaurs, robots, vehicles, food, the ocean, animals and much more.<\/p>\n<ul>\n<li data-sourcepos=\"5:1-7:19\"><strong>Am\u017eius:<\/strong> 3+<\/li>\n<li data-sourcepos=\"5:1-7:19\"><strong>Dimensions:<\/strong> 23 cm x 25 cm x 1 cm<\/li>\n<li data-sourcepos=\"5:1-7:19\"><strong>Med\u017eiaga:<\/strong> paper<\/li>\n<\/ul>","protected":false},"excerpt":{"rendered":"<p>\u0160i Mideer didel\u0117 pie\u0161imo knyga puikiai tinka j\u016bs\u0173 ma\u017eyliui! Ji detali ir \u017eaisminga, pagaminta i\u0161 storo kokybi\u0161ko popieriaus, patogi keliaujant. Be to, ji pad\u0117s j\u016bs\u0173 vaikui lavinti k\u016brybi\u0161kum\u0105 ir motorinius \u012fg\u016bd\u017eius. \u012esigykite \u0161i\u0105 spalvinimo knyg\u0105 ir leiskite savo vaikui m\u0117gautis spalvinimu valand\u0173 valandas! \u0160i m\u0117lynos spalvos balion\u0173 tematikos knyga si\u016blo 80 nuostabi\u0173 dizain\u0173, \u012fskaitant dinozaurus, robotus, transporto priemones, maist\u0105, vandenyn\u0105, gyv\u016bnus ir daug daugiau. Am\u017eius: 3+ Matmenys: 23 cm x 25 cm x 1 cm Med\u017eiaga: popierius<\/p>","protected":false},"featured_media":1842,"template":"","meta":[],"product_brand":[],"product_cat":[250,255,267],"product_tag":[16,27,40,145,22,23],"class_list":{"0":"post-4551","1":"product","2":"type-product","3":"status-publish","4":"has-post-thumbnail","6":"product_cat-menai-ir-kurybiniai-uzsiemimai","7":"product_cat-naujienos","8":"product_cat-spalvinimo-knygeles","9":"product_tag-age-3-4-years","10":"product_tag-arts-crafts","11":"product_tag-best-sellers","12":"product_tag-coloring-rolls-books","13":"product_tag-regular-sale","14":"product_tag-test","16":"first","17":"instock","18":"taxable","19":"shipping-taxable","20":"product-type-simple"},"jetpack_sharing_enabled":true,"_links":{"self":[{"href":"https:\/\/b2b.mideer.lt\/en\/wp-json\/wp\/v2\/product\/4551"}],"collection":[{"href":"https:\/\/b2b.mideer.lt\/en\/wp-json\/wp\/v2\/product"}],"about":[{"href":"https:\/\/b2b.mideer.lt\/en\/wp-json\/wp\/v2\/types\/product"}],"wp:featuredmedia":[{"embeddable":true,"href":"https:\/\/b2b.mideer.lt\/en\/wp-json\/wp\/v2\/media\/1842"}],"wp:attachment":[{"href":"https:\/\/b2b.mideer.lt\/en\/wp-json\/wp\/v2\/media?parent=4551"}],"wp:term":[{"taxonomy":"product_brand","embeddable":true,"href":"https:\/\/b2b.mideer.lt\/en\/wp-json\/wp\/v2\/product_brand?post=4551"},{"taxonomy":"product_cat","embeddable":true,"href":"https:\/\/b2b.mideer.lt\/en\/wp-json\/wp\/v2\/product_cat?post=4551"},{"taxonomy":"product_tag","embeddable":true,"href":"https:\/\/b2b.mideer.lt\/en\/wp-json\/wp\/v2\/product_tag?post=4551"}],"curies":[{"name":"wp","href":"https:\/\/api.w.org\/{rel}","templated":true}]}}