{"id":4550,"date":"2024-08-29T16:29:18","date_gmt":"2024-08-29T16:29:18","guid":{"rendered":"https:\/\/b2b.mideer.lt\/product\/first-coloring-book-animal-friends\/"},"modified":"2026-01-22T11:56:38","modified_gmt":"2026-01-22T11:56:38","slug":"first-coloring-book-animal-friends","status":"publish","type":"product","link":"https:\/\/b2b.mideer.lt\/en\/product\/first-coloring-book-animal-friends\/","title":{"rendered":"Colouring book - Animal friends"},"content":{"rendered":"<p data-sourcepos=\"3:1-3:69\">Welcome to the world of colouring! This series of mideer colouring books is just what you and your children need. Large block drawings designed for little ones. Each book contains 40 pages of thick paper pages and these books are ink-proof. Colouring is possible with a variety of colouring tools.<\/p>\n<p data-sourcepos=\"5:1-5:22\">This animal book helps children identify different types of objects. We are learning about animals! Hedgehogs, cows, whales...<\/p>\n<ul>\n<li data-sourcepos=\"7:1-9:19\"><strong>Am\u017eius:<\/strong> 1,5+<\/li>\n<li data-sourcepos=\"7:1-9:19\"><strong>Dimensions:<\/strong> 27.61 cm x 25.50 cm x 0.51 cm<\/li>\n<li data-sourcepos=\"7:1-9:19\"><strong>Med\u017eiaga:<\/strong> paper<\/li>\n<\/ul>","protected":false},"excerpt":{"rendered":"<p>Sveiki atvyk\u0119 \u012f spalvinimo pasaul\u012f! \u0160i mideer spalvinimo knyg\u0173 serija yra tai, ko reikia jums ir j\u016bs\u0173 vaikams. Dideli blokiniai pie\u0161iniai, sukurti ma\u017eiesiems. Kiekvienoje knygoje yra 40 puslapi\u0173 storo popieriaus pei\u0161ini\u0173 ir \u0161ios knygos yra nepralaid\u017eios ra\u0161alui. Spalvinti galima su \u012fvairiomis spalvinimo priemon\u0117mis. \u0160i knyga su gyv\u016bnais padeda vaikams atpa\u017einti \u012fvairius objekt\u0173 tipus. Mokom\u0117s apie gyv\u016bnus! E\u017eiai, karv\u0117s, banginiai&#8230; Am\u017eius: 1,5+ Matmenys: 27.61 cm x 25.50 cm x 0.51 cm Med\u017eiaga: popierius<\/p>","protected":false},"featured_media":1886,"template":"","meta":[],"product_brand":[],"product_cat":[255,267],"product_tag":[18,62,27,145,22],"class_list":{"0":"post-4550","1":"product","2":"type-product","3":"status-publish","4":"has-post-thumbnail","6":"product_cat-naujienos","7":"product_cat-spalvinimo-knygeles","8":"product_tag-age-6-years","9":"product_tag-animals-nature","10":"product_tag-arts-crafts","11":"product_tag-coloring-rolls-books","12":"product_tag-regular-sale","14":"first","15":"outofstock","16":"taxable","17":"shipping-taxable","18":"product-type-simple"},"jetpack_sharing_enabled":true,"_links":{"self":[{"href":"https:\/\/b2b.mideer.lt\/en\/wp-json\/wp\/v2\/product\/4550"}],"collection":[{"href":"https:\/\/b2b.mideer.lt\/en\/wp-json\/wp\/v2\/product"}],"about":[{"href":"https:\/\/b2b.mideer.lt\/en\/wp-json\/wp\/v2\/types\/product"}],"wp:featuredmedia":[{"embeddable":true,"href":"https:\/\/b2b.mideer.lt\/en\/wp-json\/wp\/v2\/media\/1886"}],"wp:attachment":[{"href":"https:\/\/b2b.mideer.lt\/en\/wp-json\/wp\/v2\/media?parent=4550"}],"wp:term":[{"taxonomy":"product_brand","embeddable":true,"href":"https:\/\/b2b.mideer.lt\/en\/wp-json\/wp\/v2\/product_brand?post=4550"},{"taxonomy":"product_cat","embeddable":true,"href":"https:\/\/b2b.mideer.lt\/en\/wp-json\/wp\/v2\/product_cat?post=4550"},{"taxonomy":"product_tag","embeddable":true,"href":"https:\/\/b2b.mideer.lt\/en\/wp-json\/wp\/v2\/product_tag?post=4550"}],"curies":[{"name":"wp","href":"https:\/\/api.w.org\/{rel}","templated":true}]}}