{"id":4541,"date":"2024-08-29T16:29:09","date_gmt":"2024-08-29T16:29:09","guid":{"rendered":"https:\/\/b2b.mideer.lt\/product\/miksuota-uzduociu-knyga-level-2\/"},"modified":"2026-04-05T07:32:19","modified_gmt":"2026-04-05T07:32:19","slug":"miksuota-uzduociu-knyga-level-2","status":"publish","type":"product","link":"https:\/\/b2b.mideer.lt\/en\/product\/miksuota-uzduociu-knyga-level-2\/","title":{"rendered":"Level 2 - creative projects"},"content":{"rendered":"<div data-mce-fragment=\"1\">\n<p data-sourcepos=\"3:1-3:127\">This is a series of creativity and fine motor skills activities for children. The collection consists of five themes: origami, paper cut-outs, stickers, colouring and combined creations. Each theme has three levels, from beginner to advanced.<\/p>\n<p data-sourcepos=\"5:1-5:66\">Children can choose a topic that interests them and start with a Level 1 book to master the basics. As they progress, they can move on to more advanced Level 2 and 3 techniques. A variety of activities - folding, cutting, sticking and colouring - allow children to learn and develop at their own pace while having fun creating art.<\/p>\n<p data-sourcepos=\"3:1-3:31\"><strong>Detailed creative projects<\/strong>combining different skills learnt:<\/p>\n<ul data-sourcepos=\"5:1-5:22\">\n<li data-sourcepos=\"5:1-5:22\">\n<p class=\"\" data-sourcepos=\"5:3-5:266\"><strong class=\"\">Level 1 (3+ years)<\/strong>: Focuses on basic needlework techniques to start building basic skills.<\/p>\n<\/li>\n<li data-sourcepos=\"7:1-7:262\">\n<p data-sourcepos=\"7:3-7:262\"><strong>Level 2 (4+ years)<\/strong>: Increases complexity with richer patterns and the introduction of new creative tasks.<\/p>\n<\/li>\n<li data-sourcepos=\"9:1-10:0\">\n<p data-sourcepos=\"9:3-9:338\"><strong>Level 3 (5+ years)<\/strong>: Engages children in creative combinations and complex project completions that stimulate innovative thinking and problem solving.<\/p>\n<\/li>\n<\/ul>\n<ul data-sourcepos=\"15:1-16:34\">\n<li data-sourcepos=\"15:1-15:20\"><strong>Am\u017eius:<\/strong> 4+<\/li>\n<li data-sourcepos=\"16:1-16:34\"><strong>D\u0117\u017eut\u0117s matmenys:<\/strong> 21,7 x 14,6 x 0,9 cm<\/li>\n<li data-sourcepos=\"17:1-17:118\"><strong>The kit includes:<\/strong> 50 sheets of colouring paper, 1 award sticker, 1 certificate<\/li>\n<li data-sourcepos=\"18:1-18:21\"><strong>Med\u017eiaga:<\/strong> paper<\/li>\n<\/ul>\n<\/div>","protected":false},"excerpt":{"rendered":"<p>Tai k\u016brybi\u0161kum\u0105 ir smuki\u0105j\u0105 motorik\u0105 ugdan\u010di\u0173 u\u017eduo\u010di\u0173 serija vaikams. Kolekcij\u0105 sudaro penkios temos: origami, popieriaus karpiniai, lipdukai, spalvinimas ir kombinuoti k\u016briniai. Kiekviena tema turi tris lygius \u2013 nuo pradedan\u010di\u0173j\u0173 iki pa\u017eengusi\u0173j\u0173. Vaikai gali pasirinkti juos dominan\u010di\u0105 tem\u0105 ir prad\u0117ti nuo 1 lygio knygos, kad \u012fvaldyt\u0173 pagrindus. Toliau tobul\u0117dami, jie gali pereiti prie sud\u0117tingesni\u0173 2 ir 3 lygio technik\u0173. \u012evairios veiklos \u2013 lankstymas, kirpimas, lipdymas ir spalvinimas \u2013 leid\u017eia vaikams mokytis ir tobul\u0117ti savo tempu, tuo pa\u010diu linksmai kuriant men\u0105. I\u0161sam\u016bs k\u016brybiniai projektai, jungiantys \u012fvairius i\u0161moktus \u012fg\u016bd\u017eius: 1 lygis (3+ m.): Susitelkia \u012f pagrindines rankdarbi\u0173 technikas, kad prad\u0117t\u0173 kurti pagrindinius \u012fg\u016bd\u017eius. 2 lygis (4+ m.): Padidina sud\u0117tingum\u0105 su turtingesniais ra\u0161tais ir \u012fvedant naujas k\u016brybines u\u017eduotis. 3 lygis (5+ m.): \u012etraukia vaikus \u012f k\u016brybinius derinius ir sud\u0117tingus projekt\u0173 u\u017ebaigimus, kurie stimuliuoja novatori\u0161k\u0105 m\u0105stym\u0105 ir problem\u0173 sprendim\u0105. Am\u017eius: 4+ D\u0117\u017eut\u0117s matmenys: 21,7 x 14,6 x 0,9 cm Rinkinyje yra: 50 spalvinimo popieriaus lap\u0173, 1 apdovanojimo lipdukas, 1 sertifikatas Med\u017eiaga: popierius<\/p>","protected":false},"featured_media":4579,"template":"","meta":[],"product_brand":[],"product_cat":[245,255],"product_tag":[16,27,40,28,36,25,22,108],"class_list":{"0":"post-4541","1":"product","2":"type-product","3":"status-publish","4":"has-post-thumbnail","6":"product_cat-kurybiniu-uzduociu-knygeles","7":"product_cat-naujienos","8":"product_tag-age-3-4-years","9":"product_tag-arts-crafts","10":"product_tag-best-sellers","11":"product_tag-diy","12":"product_tag-kol-koc","13":"product_tag-new-arrivals","14":"product_tag-regular-sale","15":"product_tag-singles-day","17":"first","18":"instock","19":"taxable","20":"shipping-taxable","21":"product-type-simple"},"jetpack_sharing_enabled":true,"_links":{"self":[{"href":"https:\/\/b2b.mideer.lt\/en\/wp-json\/wp\/v2\/product\/4541"}],"collection":[{"href":"https:\/\/b2b.mideer.lt\/en\/wp-json\/wp\/v2\/product"}],"about":[{"href":"https:\/\/b2b.mideer.lt\/en\/wp-json\/wp\/v2\/types\/product"}],"wp:featuredmedia":[{"embeddable":true,"href":"https:\/\/b2b.mideer.lt\/en\/wp-json\/wp\/v2\/media\/4579"}],"wp:attachment":[{"href":"https:\/\/b2b.mideer.lt\/en\/wp-json\/wp\/v2\/media?parent=4541"}],"wp:term":[{"taxonomy":"product_brand","embeddable":true,"href":"https:\/\/b2b.mideer.lt\/en\/wp-json\/wp\/v2\/product_brand?post=4541"},{"taxonomy":"product_cat","embeddable":true,"href":"https:\/\/b2b.mideer.lt\/en\/wp-json\/wp\/v2\/product_cat?post=4541"},{"taxonomy":"product_tag","embeddable":true,"href":"https:\/\/b2b.mideer.lt\/en\/wp-json\/wp\/v2\/product_tag?post=4541"}],"curies":[{"name":"wp","href":"https:\/\/api.w.org\/{rel}","templated":true}]}}