{"id":4534,"date":"2024-08-29T16:29:02","date_gmt":"2024-08-29T16:29:02","guid":{"rendered":"https:\/\/b2b.mideer.lt\/product\/dvipusiai-nuplaunami-markeriai-flomasteriai-12-spalvu-copy-1\/"},"modified":"2026-04-05T07:32:18","modified_gmt":"2026-04-05T07:32:18","slug":"dvipusiai-nuplaunami-markeriai-flomasteriai-12-spalvu-copy-1","status":"publish","type":"product","link":"https:\/\/b2b.mideer.lt\/en\/product\/dvipusiai-nuplaunami-markeriai-flomasteriai-12-spalvu-copy-1\/","title":{"rendered":"Double-sided washable markers \/ marker pens - 36 colours"},"content":{"rendered":"<p><strong>Mideer double-sided washable marker \/ marker pen<\/strong> is a versatile and child-friendly drawing tool designed to unleash creativity without the mess. Perfect for budding artists, this marker features an innovative design that is suitable for both detailed art and bold, expressive drawing.<\/p>\n<ul>\n<li><strong>Double nozzle -<\/strong> Each marker has a soft tip for precise detail and broad colouring, as well as a tapered tip for drawing thick lines and contours, making it versatile for a wide range of artistic expressions.<\/li>\n<li><strong style=\"font-size: 0.875rem\">Nuplaunami<\/strong><span style=\"font-size: 0.875rem\"> markers are made of ink,<\/span><span style=\"font-size: 0.875rem\"> which can be easily wiped off the skin,<\/span><span style=\"font-size: 0.875rem\"> clothes and furniture using warm water,<\/span><span style=\"font-size: 0.875rem\"> giving parents peace of mind about mess and damage. <\/span><\/li>\n<li><strong style=\"font-size: 0.875rem\">Water-based ink, <\/strong><span style=\"font-size: 0.875rem\">Alcohol-free and without strong odours,<\/span><span style=\"font-size: 0.875rem\"> making it safe and suitable for children to use for long periods of time without any discomfort.<\/span><\/li>\n<li><strong style=\"font-size: 0.875rem\">Improved ink strokes -<\/strong><span style=\"font-size: 0.875rem\"> the markers are designed as follows,<\/span><span style=\"font-size: 0.875rem\"> to provide a consistent and even flow of ink, <\/span><span style=\"font-size: 0.875rem\">has an increased ink volume for longer use and durability.<\/span><\/li>\n<li><strong style=\"font-size: 0.875rem\">Ergonomic housing -<\/strong><span style=\"font-size: 0.875rem\"> thick,<\/span><span style=\"font-size: 0.875rem\"> triangular-round gradient,<\/span><span style=\"font-size: 0.875rem\"> makes it easy for small hands to grip.<\/span><span style=\"font-size: 0.875rem\"> This design not only provides comfort,<\/span><span style=\"font-size: 0.875rem\"> but also helps to develop fine motor skills and correct writing control.<\/span><\/li>\n<\/ul>\n<ul>\n<li><span style=\"font-size: 0.875rem\"><strong>Am\u017eius:<\/strong> 3+<\/span><\/li>\n<li><span style=\"font-size: 0.875rem\"><strong>D\u0117\u017eut\u0117s matmenys:<\/strong> 16.61 cm x 11.61 cm x 11.51 cm<\/span><\/li>\n<li><span style=\"font-size: 0.875rem\"><strong>Med\u017eiaga: <\/strong>water-based ink<\/span><\/li>\n<\/ul>","protected":false},"excerpt":{"rendered":"<p>Mideer dvipusis nuplaunamas markeris \/ flomasteris yra universalus ir vaikams draugi\u0161kas pie\u0161imo \u012frankis, sukurtas i\u0161laisvinti k\u016brybi\u0161kum\u0105 be netvarkos. Tobulai tinka pradedantiems menininkams, \u0161is markeris pasi\u017eymi novatori\u0161ku dizainu, kuris tinka tiek detalizuotam menui, tiek dr\u0105siam, i\u0161rai\u0161kingam pie\u0161imui. Dvigubas antgalis &#8211; kiekvienas \u017eymeklis turi mink\u0161t\u0105 antgal\u012f tiksliam detalizavimui ir pla\u010diam spalvinimui, taip pat k\u016bgin\u012f antgal\u012f stor\u0173 linij\u0173 ir kont\u016br\u0173 pie\u0161imui, tod\u0117l jis yra universalus \u012fvairioms menin\u0117ms i\u0161rai\u0161koms. Nuplaunami markeriai yra pagaminti i\u0161 ra\u0161alo, kuris gali b\u016bti lengvai nuvalomas nuo odos, drabu\u017ei\u0173 ir bald\u0173 naudojant \u0161ilt\u0105 vanden\u012f, suteikdamas t\u0117vams ramyb\u0119 d\u0117l netvarkos ir \u017ealos. Vandens pagrindu pagamintas ra\u0161alas, be alkoholio ir be stipraus kvapo, tod\u0117l jis yra saugus ir tinkamas vaikams naudoti ilg\u0105 laik\u0105 be jokio diskomforto. Patobulinti ra\u0161alo potepiai &#8211; markeriai yra suprojektuoti taip, jog teikt\u0173 nuosekl\u0173 ir tolyg\u0173 ra\u0161alo sraut\u0105, pasi\u017eymi padidintu ra\u0161alo t\u016briu ilgesniam naudojimui ir patvarumui. Ergonomi\u0161kas korpusas &#8211; storas, trikampio-apvalaus gradiento formos, leid\u017eia lengvai suimti ma\u017eoms rankoms. \u0160is dizainas ne tik suteikia komfort\u0105, bet ir padeda ugdyti smulki\u0105j\u0105 motorik\u0105 ir taisykling\u0105 ra\u0161ymo valdym\u0105. Am\u017eius: 3+ D\u0117\u017eut\u0117s matmenys: 16.61 cm x 11.61 cm x 11.51 cm Med\u017eiaga: vandens pagrindu pagamintas ra\u0161alas<\/p>","protected":false},"featured_media":4566,"template":"","meta":[],"product_brand":[],"product_cat":[15,234,235,236,252,255,268],"product_tag":[],"class_list":{"0":"post-4534","1":"product","2":"type-product","3":"status-publish","4":"has-post-thumbnail","6":"product_cat-uncategorized","7":"product_cat-3-4-metai","8":"product_cat-5-6-metai","9":"product_cat-6-metai","10":"product_cat-meno-reikmenys","11":"product_cat-naujienos","12":"product_cat-spalvinimo-priemones","14":"first","15":"instock","16":"taxable","17":"shipping-taxable","18":"product-type-simple"},"jetpack_sharing_enabled":true,"_links":{"self":[{"href":"https:\/\/b2b.mideer.lt\/en\/wp-json\/wp\/v2\/product\/4534"}],"collection":[{"href":"https:\/\/b2b.mideer.lt\/en\/wp-json\/wp\/v2\/product"}],"about":[{"href":"https:\/\/b2b.mideer.lt\/en\/wp-json\/wp\/v2\/types\/product"}],"wp:featuredmedia":[{"embeddable":true,"href":"https:\/\/b2b.mideer.lt\/en\/wp-json\/wp\/v2\/media\/4566"}],"wp:attachment":[{"href":"https:\/\/b2b.mideer.lt\/en\/wp-json\/wp\/v2\/media?parent=4534"}],"wp:term":[{"taxonomy":"product_brand","embeddable":true,"href":"https:\/\/b2b.mideer.lt\/en\/wp-json\/wp\/v2\/product_brand?post=4534"},{"taxonomy":"product_cat","embeddable":true,"href":"https:\/\/b2b.mideer.lt\/en\/wp-json\/wp\/v2\/product_cat?post=4534"},{"taxonomy":"product_tag","embeddable":true,"href":"https:\/\/b2b.mideer.lt\/en\/wp-json\/wp\/v2\/product_tag?post=4534"}],"curies":[{"name":"wp","href":"https:\/\/api.w.org\/{rel}","templated":true}]}}