{"id":4460,"date":"2024-08-02T08:51:07","date_gmt":"2024-08-02T08:51:07","guid":{"rendered":"https:\/\/b2b.mideer.lt\/product\/inovatyvi-dviguba-gertuve-gentle-rabbit\/"},"modified":"2026-04-22T22:03:08","modified_gmt":"2026-04-22T22:03:08","slug":"inovatyvi-dviguba-gertuve-gentle-rabbit","status":"publish","type":"product","link":"https:\/\/b2b.mideer.lt\/en\/product\/inovatyvi-dviguba-gertuve-gentle-rabbit\/","title":{"rendered":"Innovative getuve PINK"},"content":{"rendered":"<p>It is a versatile and innovative solution for children's hydration needs. Designed to be functional, durable and safe, this drinker is ideal for a variety of activities from school to outdoor adventures.<\/p>\n<p data-sourcepos=\"7:1-7:12\"><strong>Versatile uses:<\/strong>features a unique all-in-one design with 4 drinking options: straw, direct drink, wide mouth and sharing cup to meet your child's diverse needs.<\/p>\n<p data-sourcepos=\"7:1-7:12\"><strong>Different styles of art:<\/strong> The patterns on the watering cans are drawn by world-class artists.<\/p>\n<p data-sourcepos=\"7:1-7:12\"><strong>Safe materials:<\/strong> made of food-grade Tritan material, it is healthy, BPA-free and safe for water storage.<\/p>\n<p data-sourcepos=\"7:1-7:12\"><strong>High capacity:<\/strong> holds up to 590 ml.<\/p>\n<p data-sourcepos=\"7:1-7:12\"><strong>Durable and lightweight:<\/strong>The drinker is designed to be lightweight and impact-resistant, suitable for active activities.<\/p>\n<p data-sourcepos=\"7:1-7:12\"><strong>Adjustable wide strap:<\/strong> comes with a wide, adjustable strap, making it easy and comfortable to wear.<\/p>\n<p data-sourcepos=\"7:1-7:12\"><strong>Unbreakable 360\u00b0 seal:<\/strong> the drinker can be turned over and swivelled without any leakage, thanks to an efficient seal.<\/p>\n<p data-sourcepos=\"7:1-7:12\"><strong>Pressure outlet:<\/strong>\u00a0quickly balances internal and external air pressure, preventing splashing on opening.<\/p>\n<p data-sourcepos=\"7:1-7:12\"><strong>Fully disassembled for cleaning:<\/strong>each part of the drinker can be disassembled for thorough cleaning, ensuring good hygiene and easy maintenance.<\/p>\n<p data-sourcepos=\"7:1-7:12\">This product is Gentle Rabbit themed.<\/p>\n<ul>\n<li data-sourcepos=\"7:1-7:12\"><strong>Am\u017eius:<\/strong>3+<\/li>\n<li data-sourcepos=\"7:1-7:12\"><strong>Artist:<\/strong> Katherina Manolessou<\/li>\n<li data-sourcepos=\"7:1-7:12\"><strong>D\u0117\u017eut\u0117s matmenys:<\/strong> 8,5 cm x 8,5 cm x 19,5 cm<\/li>\n<li data-sourcepos=\"7:1-7:12\"><strong>Includes:<\/strong> 1 water bottle, 1 shoulder strap, 1 name sticker<\/li>\n<li data-sourcepos=\"7:1-7:12\"><strong>Med\u017eiaga:<\/strong>Tritan<\/li>\n<\/ul>\n<p>&nbsp;<\/p>","protected":false},"excerpt":{"rendered":"<p>Tai universalus ir inovatyvus sprendimas vaik\u0173 hidratacijos poreikiams. \u0160i gertuv\u0117 sukurta b\u016bti funkcionalia, patvaria ir saugia, idealiai tinkanti \u012fvairioms veikloms nuo mokyklos iki lauko nuotyki\u0173. Universalios naudojimo galimyb\u0117s:pasi\u017eymi unikaliu \u201eviskas viename\u201c dizainu su 4 g\u0117rimo pasirinkimais: \u0161iaudelis, tiesioginis g\u0117rimas, plati burnos anga ir dalijimosi puodelis, tenkinantis \u012fvairius vaiko poreikius. Skirtingi meno stiliai: gertuvi\u0173 ra\u0161tai pie\u0161ti pasaulinio lygio meninink\u0173. Saugios med\u017eiagos: pagamintas i\u0161 maisto klas\u0117s Tritan med\u017eiagos, jis yra sveikas, be BPA ir saugus vandeniui laikyti. Didel\u0117 talpa: talpina iki 590 ml. Patvari ir lengva:gertuv\u0117 sukurtas b\u016bti lengva ir atspari sm\u016bgiams, tinkama aktyviai veiklai. Reguliuojamas platus dir\u017eelis: komplekte yra platus, reguliuojamas dir\u017eelis, tod\u0117l j\u0105 lengva ir patogu ne\u0161ioti. Neperliejamas 360\u00b0 sandarikis: gertuv\u0119 galima apversti ir sukioti be joki\u0173 nuot\u0117ki\u0173, d\u0117ka efektyvaus sandarinimo. Sl\u0117gio i\u0161leidimo anga:\u00a0greitai subalansuoja vidin\u012f ir i\u0161orin\u012f oro sl\u0117g\u012f, neleid\u017eiant purslin\u0117ti atidarant. Pilnai i\u0161ardoma valymui:kiekviena gertuv\u0117s dalis gali b\u016bti i\u0161ardoma kruop\u0161\u010diam valymui, u\u017etikrinant ger\u0105 higien\u0105 ir lengv\u0105 prie\u017ei\u016br\u0105. \u0160is gaminys yra \u201eGentle Rabbit\u201c tematikos. Am\u017eius:3+ Menininkas: Katherina Manolessou D\u0117\u017eut\u0117s matmenys: 8,5 cm x 8,5 cm x 19,5 cm \u012e komplekt\u0105 \u012feina: 1 vandens gertuv\u0117, 1 petne\u0161\u0117l\u0117,1 vardo lipdukas Med\u017eiaga:Tritan &nbsp;<\/p>","protected":false},"featured_media":4146,"template":"","meta":[],"product_brand":[],"product_cat":[15,234,235,236,280,244,255],"product_tag":[],"class_list":{"0":"post-4460","1":"product","2":"type-product","3":"status-publish","4":"has-post-thumbnail","6":"product_cat-uncategorized","7":"product_cat-3-4-metai","8":"product_cat-5-6-metai","9":"product_cat-6-metai","10":"product_cat-akcija","11":"product_cat-kas-populiaru","12":"product_cat-naujienos","14":"first","15":"instock","16":"taxable","17":"shipping-taxable","18":"product-type-simple"},"jetpack_sharing_enabled":true,"_links":{"self":[{"href":"https:\/\/b2b.mideer.lt\/en\/wp-json\/wp\/v2\/product\/4460"}],"collection":[{"href":"https:\/\/b2b.mideer.lt\/en\/wp-json\/wp\/v2\/product"}],"about":[{"href":"https:\/\/b2b.mideer.lt\/en\/wp-json\/wp\/v2\/types\/product"}],"wp:featuredmedia":[{"embeddable":true,"href":"https:\/\/b2b.mideer.lt\/en\/wp-json\/wp\/v2\/media\/4146"}],"wp:attachment":[{"href":"https:\/\/b2b.mideer.lt\/en\/wp-json\/wp\/v2\/media?parent=4460"}],"wp:term":[{"taxonomy":"product_brand","embeddable":true,"href":"https:\/\/b2b.mideer.lt\/en\/wp-json\/wp\/v2\/product_brand?post=4460"},{"taxonomy":"product_cat","embeddable":true,"href":"https:\/\/b2b.mideer.lt\/en\/wp-json\/wp\/v2\/product_cat?post=4460"},{"taxonomy":"product_tag","embeddable":true,"href":"https:\/\/b2b.mideer.lt\/en\/wp-json\/wp\/v2\/product_tag?post=4460"}],"curies":[{"name":"wp","href":"https:\/\/api.w.org\/{rel}","templated":true}]}}