{"id":426,"date":"2024-04-26T07:42:31","date_gmt":"2024-04-26T07:42:31","guid":{"rendered":"https:\/\/b2b.mideer.lt\/product\/adhesive-coloring-scroll-the-magic-zoo\/"},"modified":"2026-04-05T07:32:11","modified_gmt":"2026-04-05T07:32:11","slug":"adhesive-coloring-scroll-the-magic-zoo","status":"publish","type":"product","link":"https:\/\/b2b.mideer.lt\/en\/product\/adhesive-coloring-scroll-the-magic-zoo\/","title":{"rendered":"Sticky colouring roll Magic Zoo"},"content":{"rendered":"<p data-sourcepos=\"5:1-5:285\">4 metres of colouring pictures! Colour, glue and peel without leaving a trace - now you can draw everywhere! On the wall, on the floor or even on the table, because the colouring sheet cuts and sticks easily to a wide variety of surfaces - just pick a convenient place and get creative. Lots of different illustrations and educational activities for children. Thick paper that doesn't let the colouring materials seep through. Soya bean paint, odourless and safe to use.<\/p>\n<ul>\n<li><strong>D\u0117\u017eut\u0117s matmenys:<\/strong> 40 cm x 5,2 cm x 5,2 cm<\/li>\n<li><strong>Dimensions:<\/strong> 40 cm x 400 cm<\/li>\n<li><strong>Med\u017eiaga:<\/strong> Paper<\/li>\n<\/ul>","protected":false},"excerpt":{"rendered":"<p>4 metrai spalvinimo paveiksl\u0117li\u0173! Spalvink, klijuok ir nulupk be p\u0117dsak\u0173 &#8211; pie\u0161ti dabar galima visur! Ant sienos, ant grind\u0173 ar net ant stalo, nes spalvinimo lapas karpomas ir lengvai klijuojamas ant \u012fvairiausi\u0173 pavir\u0161i\u0173\u00a0 &#8211; pasirink patogi\u0105 viet\u0105 ir kibk \u012f k\u016bryb\u0105. Daug skirting\u0173 pie\u0161ini\u0173 iliustracij\u0173 ir edukacini\u0173 u\u017eduo\u010di\u0173 vaikams. Storas popierius, pro kur\u012f neprasigeria da\u017eymo priemon\u0117s. Da\u017eai i\u0161 soj\u0173 pupeli\u0173, bekvapiai ir saug\u016bs naudojimui. D\u0117\u017eut\u0117s matmenys: 40 cm x 5,2 cm x 5,2 cm Matmenys: 40 cm x 400 cm Med\u017eiaga: Popierius<\/p>","protected":false},"featured_media":2433,"template":"","meta":[],"product_brand":[],"product_cat":[234,235,236,244,250,277,267,275],"product_tag":[18,62,27,145,36,22,189,23],"class_list":{"0":"post-426","1":"product","2":"type-product","3":"status-publish","4":"has-post-thumbnail","6":"product_cat-3-4-metai","7":"product_cat-5-6-metai","8":"product_cat-6-metai","9":"product_cat-kas-populiaru","10":"product_cat-menai-ir-kurybiniai-uzsiemimai","11":"product_cat-smart-products-filter-index-do-not-delete","12":"product_cat-spalvinimo-knygeles","13":"product_cat-visos-meno-prekes","14":"product_tag-age-6-years","15":"product_tag-animals-nature","16":"product_tag-arts-crafts","17":"product_tag-coloring-rolls-books","18":"product_tag-kol-koc","19":"product_tag-regular-sale","20":"product_tag-spalvinimo-rulonas","21":"product_tag-test","23":"first","24":"instock","25":"taxable","26":"shipping-taxable","27":"product-type-simple"},"jetpack_sharing_enabled":true,"_links":{"self":[{"href":"https:\/\/b2b.mideer.lt\/en\/wp-json\/wp\/v2\/product\/426"}],"collection":[{"href":"https:\/\/b2b.mideer.lt\/en\/wp-json\/wp\/v2\/product"}],"about":[{"href":"https:\/\/b2b.mideer.lt\/en\/wp-json\/wp\/v2\/types\/product"}],"wp:featuredmedia":[{"embeddable":true,"href":"https:\/\/b2b.mideer.lt\/en\/wp-json\/wp\/v2\/media\/2433"}],"wp:attachment":[{"href":"https:\/\/b2b.mideer.lt\/en\/wp-json\/wp\/v2\/media?parent=426"}],"wp:term":[{"taxonomy":"product_brand","embeddable":true,"href":"https:\/\/b2b.mideer.lt\/en\/wp-json\/wp\/v2\/product_brand?post=426"},{"taxonomy":"product_cat","embeddable":true,"href":"https:\/\/b2b.mideer.lt\/en\/wp-json\/wp\/v2\/product_cat?post=426"},{"taxonomy":"product_tag","embeddable":true,"href":"https:\/\/b2b.mideer.lt\/en\/wp-json\/wp\/v2\/product_tag?post=426"}],"curies":[{"name":"wp","href":"https:\/\/api.w.org\/{rel}","templated":true}]}}