{"id":4207,"date":"2024-07-31T10:53:45","date_gmt":"2024-07-31T10:53:45","guid":{"rendered":"https:\/\/b2b.mideer.lt\/product\/popieriaus-karpiniu-uzduociu-knyga-level-2\/"},"modified":"2026-04-26T07:30:20","modified_gmt":"2026-04-26T07:30:20","slug":"popieriaus-karpiniu-uzduociu-knyga-level-2","status":"publish","type":"product","link":"https:\/\/b2b.mideer.lt\/en\/product\/popieriaus-karpiniu-uzduociu-knyga-level-2\/","title":{"rendered":"Paper Cutting Activity Book Level 2"},"content":{"rendered":"<div data-mce-fragment=\"1\">\n<p data-sourcepos=\"3:1-3:127\">This is a series of creativity and fine motor skills activities for children. The collection consists of five themes: origami, paper cut-outs, stickers, colouring and combined creations. Each theme has three levels, from beginner to advanced.<\/p>\n<p data-sourcepos=\"5:1-5:66\">Children can choose a topic that interests them and start with a Level 1 book to master the basics. As they progress, they can move on to more advanced Level 2 and 3 techniques. A variety of activities - folding, cutting, sticking and colouring - allow children to learn and develop at their own pace while having fun creating art.<\/p>\n<p data-sourcepos=\"3:1-3:31\">The theme of the paper cuttings in the Brain Game Book series progresses from simple lines to elaborate drawings:<\/p>\n<ul data-sourcepos=\"5:1-5:22\">\n<li data-sourcepos=\"5:1-5:22\">\n<p class=\"\" data-sourcepos=\"5:3-5:266\"><strong class=\"\">Level 1 (3+ years)<\/strong>: Teaches basic haircutting in straight and long lines, suitable for beginners. Develops the child's eye-hand coordination skills and precision. This level presents simple drawings with thick outlines that are easy for children to cut.<\/p>\n<\/li>\n<li data-sourcepos=\"7:1-7:262\">\n<p data-sourcepos=\"7:3-7:262\"><strong>Level 2 (4+ years)<\/strong>: Incorporating curved and more complex shapes, combining cutting with basic folding techniques for more interesting results. Children can learn the basics of symmetry by folding papers in half and cutting shapes on one side to be reflected on the other. Simple paper strip techniques can also be introduced.<\/p>\n<\/li>\n<li data-sourcepos=\"9:1-10:0\">\n<p data-sourcepos=\"9:3-9:338\"><strong>Level 3 (5+ years)<\/strong>: Combines intricate cutting and folding to create an elaborate work of paper art.This level develops precision and attention to detail. Children can learn to use a variety of cutting tools, such as small scissors or special paper knives, to create detailed designs with multiple layers.<\/p>\n<\/li>\n<\/ul>\n<ul data-sourcepos=\"15:1-16:34\">\n<li data-sourcepos=\"15:1-15:20\"><strong>Am\u017eius:<\/strong> 4+<\/li>\n<li data-sourcepos=\"16:1-16:34\"><strong>D\u0117\u017eut\u0117s matmenys:<\/strong> 21,7 x 14,6 x 0,9 cm<\/li>\n<li data-sourcepos=\"17:1-17:118\"><strong>The kit includes:<\/strong> 50 sheets of origami paper, 25 pages of instructions, 1 sticker with praise, 1 certificate<\/li>\n<li data-sourcepos=\"18:1-18:21\"><strong>Med\u017eiaga:<\/strong> paper<\/li>\n<\/ul>\n<\/div>","protected":false},"excerpt":{"rendered":"<p>Tai k\u016brybi\u0161kum\u0105 ir smuki\u0105j\u0105 motorik\u0105 ugdan\u010di\u0173 u\u017eduo\u010di\u0173 serija vaikams. Kolekcij\u0105 sudaro penkios temos: origami, popieriaus karpiniai, lipdukai, spalvinimas ir kombinuoti k\u016briniai. Kiekviena tema turi tris lygius \u2013 nuo pradedan\u010di\u0173j\u0173 iki pa\u017eengusi\u0173j\u0173. Vaikai gali pasirinkti juos dominan\u010di\u0105 tem\u0105 ir prad\u0117ti nuo 1 lygio knygos, kad \u012fvaldyt\u0173 pagrindus. Toliau tobul\u0117dami, jie gali pereiti prie sud\u0117tingesni\u0173 2 ir 3 lygio technik\u0173. \u012evairios veiklos \u2013 lankstymas, kirpimas, lipdymas ir spalvinimas \u2013 leid\u017eia vaikams mokytis ir tobul\u0117ti savo tempu, tuo pa\u010diu linksmai kuriant men\u0105. Popieriaus karpini\u0173 tema \u201eBrain Game Book\u201c serijoje progresuoja nuo paprast\u0173 linij\u0173 iki \u012fmantri\u0173 pie\u0161ini\u0173: 1 lygis (3+ m.): Mokoma pagrindinio kirpimo tiesiomis ir ilgomis linijomis, tinka pradedantiesiems. Lavinami vaiko aki\u0173-rank\u0173 koordinavimo \u012fg\u016bd\u017eiai ir tikslumas. Siame lygyje pateikiami paprasti pie\u0161iniai su storiais kont\u016brais, kuriuos vaikams lengva i\u0161kirpti. 2 lygis (4+ m.): \u012etraukiamos lenktos ir sud\u0117tingesn\u0117s formos, derinant kirpim\u0105 su pagrindin\u0117mis lankstymo technikomis, siekiant \u012fdomesni\u0173 rezultat\u0173. Vaikai gali i\u0161mokti simetrijos pagrind\u0173 lankstydami popierius per pus\u0119 ir i\u0161kirpdami formas vienoje pus\u0117je, kad jos atsispind\u0117t\u0173 kitaoje. Taip pat gali b\u016bti pristatomos paprastos popieriaus juosteli\u0173 technikos. 3 lygis (5+ m.): Derinamas sud\u0117tingas kirpimas ir lankstymas, siekiant sukurti \u012fmantr\u0173 popieriaus meno k\u016brin\u012f.\u0160iame lygyje ugdomas tikslumas ir d\u0117mesys detal\u0117ms. Vaikai gali i\u0161mokti naudoti \u012fvairius kirpimo \u012frankius, tokius kaip ma\u017eos \u017eirklut\u0117s ar special\u016bs popieriaus peiliukai, ir kurti detalius dizainus su keliomis sluoksniais. Am\u017eius: 4+ D\u0117\u017eut\u0117s matmenys: 21,7 x 14,6 x 0,9 cm Rinkinyje yra: 50 origami popieriaus lapeli\u0173, 25 puslapiai su instrukcijomis, 1 lipdukas su pagyrimu, 1 sertifikatas Med\u017eiaga: popierius<\/p>","protected":false},"featured_media":4238,"template":"","meta":[],"product_brand":[],"product_cat":[15,234,235,236,237,245,250,255,263],"product_tag":[16,27,40,28,36,25,22,108],"class_list":{"0":"post-4207","1":"product","2":"type-product","3":"status-publish","4":"has-post-thumbnail","6":"product_cat-uncategorized","7":"product_cat-3-4-metai","8":"product_cat-5-6-metai","9":"product_cat-6-metai","10":"product_cat-ankstyvo-lavinimo-zaidimai","11":"product_cat-kurybiniu-uzduociu-knygeles","12":"product_cat-menai-ir-kurybiniai-uzsiemimai","13":"product_cat-naujienos","14":"product_cat-pasidaryk-pats","15":"product_tag-age-3-4-years","16":"product_tag-arts-crafts","17":"product_tag-best-sellers","18":"product_tag-diy","19":"product_tag-kol-koc","20":"product_tag-new-arrivals","21":"product_tag-regular-sale","22":"product_tag-singles-day","24":"first","25":"instock","26":"taxable","27":"shipping-taxable","28":"product-type-simple"},"jetpack_sharing_enabled":true,"_links":{"self":[{"href":"https:\/\/b2b.mideer.lt\/en\/wp-json\/wp\/v2\/product\/4207"}],"collection":[{"href":"https:\/\/b2b.mideer.lt\/en\/wp-json\/wp\/v2\/product"}],"about":[{"href":"https:\/\/b2b.mideer.lt\/en\/wp-json\/wp\/v2\/types\/product"}],"wp:featuredmedia":[{"embeddable":true,"href":"https:\/\/b2b.mideer.lt\/en\/wp-json\/wp\/v2\/media\/4238"}],"wp:attachment":[{"href":"https:\/\/b2b.mideer.lt\/en\/wp-json\/wp\/v2\/media?parent=4207"}],"wp:term":[{"taxonomy":"product_brand","embeddable":true,"href":"https:\/\/b2b.mideer.lt\/en\/wp-json\/wp\/v2\/product_brand?post=4207"},{"taxonomy":"product_cat","embeddable":true,"href":"https:\/\/b2b.mideer.lt\/en\/wp-json\/wp\/v2\/product_cat?post=4207"},{"taxonomy":"product_tag","embeddable":true,"href":"https:\/\/b2b.mideer.lt\/en\/wp-json\/wp\/v2\/product_tag?post=4207"}],"curies":[{"name":"wp","href":"https:\/\/api.w.org\/{rel}","templated":true}]}}