{"id":4195,"date":"2024-07-31T10:53:30","date_gmt":"2024-07-31T10:53:30","guid":{"rendered":"https:\/\/b2b.mideer.lt\/product\/pirmoji-delione-automobiliai-new\/"},"modified":"2026-04-22T07:31:12","modified_gmt":"2026-04-22T07:31:12","slug":"pirmoji-delione-automobiliai-new","status":"publish","type":"product","link":"https:\/\/b2b.mideer.lt\/en\/product\/pirmoji-delione-automobiliai-new\/","title":{"rendered":"First puzzle Cars NEW"},"content":{"rendered":"<h2 class=\"\" data-sourcepos=\"1:1-1:132\">A beautiful set of puzzles designed to develop artistic interests and cognitive skills from an early age.<\/h2>\n<p data-sourcepos=\"3:1-3:16\"><strong>Information:<\/strong><\/p>\n<ul data-sourcepos=\"5:1-5:66\">\n<li data-sourcepos=\"5:1-5:66\"><strong>Collaboration with global artists:<\/strong> Developed in collaboration with renowned artists from all over the world, providing a multicultural approach to art education.<\/li>\n<li data-sourcepos=\"6:1-6:79\"><strong>Learning themes:<\/strong> Puzzles with different themes that teach and entertain, expanding knowledge through play.<\/li>\n<li data-sourcepos=\"7:1-7:137\"><strong>Incremental complexity:<\/strong> Jigsaw puzzles from 2 to 6 pieces, designed to help toddlers take their first steps in jigsaw puzzles.<\/li>\n<li data-sourcepos=\"8:1-8:121\"><strong>Large parts:<\/strong> Each piece is designed for small hands, making it easy for children to hold and encouraging coordination.<\/li>\n<li data-sourcepos=\"9:1-9:156\"><strong>Skills development:<\/strong> It helps develop a wide range of skills including artistic appreciation, manual dexterity, spatial reasoning, concentration, aesthetic and logical thinking.<\/li>\n<li data-sourcepos=\"10:1-10:273\"><strong>Safe materials:<\/strong> Made of highly durable and child-safe food-grade white cardboard, resistant to chewing, cracking and splitting. Non-toxic, soy-based inks are used to avoid harmful odours and ensure a safe environment for children.<\/li>\n<li data-sourcepos=\"11:1-11:95\"><strong>Portable gift box:<\/strong> A handy box that is easy to carry and ideal for gift giving.<\/li>\n<li data-sourcepos=\"12:1-13:0\"><strong>Extra kraft bag:<\/strong> With a kraft paper bag to encourage a tidy habit from a young age.<\/li>\n<\/ul>\n<p data-sourcepos=\"14:1-14:101\"><strong>These puzzles - \"Cars\" - stimulate imagination and learning about different vehicles.<\/strong><\/p>\n<ul>\n<li><strong>Am\u017eius:<\/strong> 2+<\/li>\n<li><strong>Artist:<\/strong> Tom Schamp<\/li>\n<li data-sourcepos=\"5:1-5:48\"><strong>D\u0117\u017eut\u0117s matmenys:<\/strong> 21.2 cm x 6.8 cm x 18 cm<\/li>\n<li data-sourcepos=\"6:1-6:51\"><strong>The kit includes:<\/strong> 6 puzzles, 1 storage bag<\/li>\n<li data-sourcepos=\"7:1-7:36\"><strong>Dali\u0173 skai\u010dius:<\/strong>\u00a0Car (2 parts), Police car (2 parts), Ice cream van (3 parts), Refuse collection vehicle (4 parts), Delivery truck (5 parts),School bus (6 parts)<\/li>\n<li data-sourcepos=\"8:1-8:27\"><strong>Med\u017eiaga:<\/strong> white board<\/li>\n<\/ul>","protected":false},"excerpt":{"rendered":"<p>Gra\u017eus d\u0117lioni\u0173 rinkinys, skirtas nuo ma\u017eens ugdyti meninius pom\u0117gius ir pa\u017eintinius \u012fg\u016bd\u017eius. Informacija: Bendradarbiavimas su pasauliniais menininkais: Sukurtas bendradarbiaujant su \u017eymiais menininkais i\u0161 viso pasaulio, suteikiant daugiakult\u016brin\u012f po\u017ei\u016br\u012f \u012f menin\u012f ugdym\u0105. Mokymosi temos: D\u0117lion\u0117s su \u012fvairiomis temomis, kurios moko ir linksmina, ple\u010dia \u017einias \u017eaid\u017eiant. Palaipsninis sud\u0117tingumas: D\u0117lion\u0117s nuo 2 iki 6 dali\u0173, pritaikytos pad\u0117ti ma\u017eyliams \u017eengti pirmuosius \u017eingsnius d\u0117liojant d\u0117liones. Didel\u0117s dalys: Kiekviena dalis pritaikyta ma\u017eoms rankut\u0117ms, tod\u0117l vaikams jas lengva laikyti ir tai skatina koordinacij\u0105. \u012eg\u016bd\u017ei\u0173 ugdymas: Padeda ugdyti \u012fvairius \u012fg\u016bd\u017eius, \u012fskaitant menin\u012f vertinim\u0105, rank\u0173 miklum\u0105, erdvin\u012f m\u0105stym\u0105,susikaupim\u0105, estetin\u012f ir login\u012f m\u0105stym\u0105. Saugios med\u017eiagos: Pagaminta i\u0161 labai patvarios ir vaikams saugios maistin\u0117s baltos kartono, atsparios kramtymui,tr\u016bkin\u0117jimui ir skilin\u0117jimui. Naudojami netoksi\u0161ki, sojos pagrindu pagaminti da\u017eai, kad neb\u016bt\u0173 kenksming\u0173 kvap\u0173 ir b\u016bt\u0173 u\u017etikrinta saugi aplinka vaikams. Ne\u0161iojama dovan\u0173 d\u0117\u017eut\u0117: Patogi d\u0117\u017eut\u0117, kuri\u0105 lengva ne\u0161iotis ir idealiai tinka dovanoti. Papildomas kraft mai\u0161elis: Su kraft popieriniu mai\u0161eliu, skatinan\u010diu tvarking\u0105 laikymosi \u012fprot\u012f nuo ma\u017eens. \u0160ios d\u0117lion\u0117s \u2013 \u201e Automobiliai\u201c \u2013 skatina vaizduot\u0119 ir pa\u017einim\u0105 apie skirtingas transporto priemones. Am\u017eius: 2+ Menininkas: Tom Schamp D\u0117\u017eut\u0117s matmenys: 21.2 cm x 6.8 cm x 18 cm Rinkinyje yra: 6 d\u0117lion\u0117s, 1 laikymo mai\u0161elis Dali\u0173 skai\u010dius:\u00a0Automobilis (2 dalys), Policijos automobilis (2 dalys), Led\u0173 furgonas (3 dalys), \u0160iuk\u0161li\u0173 surinkimo automobilis (4 dalys), Pristatymo sunkve\u017eimis (5 dalys),Mokyklinis autobusas (6 dalys) Med\u017eiaga: balta lenta<\/p>","protected":false},"featured_media":4228,"template":"","meta":[],"product_brand":[],"product_cat":[15,234,240,241,255],"product_tag":[138,63,144,123,139,140,68,22],"class_list":{"0":"post-4195","1":"product","2":"type-product","3":"status-publish","4":"has-post-thumbnail","6":"product_cat-uncategorized","7":"product_cat-3-4-metai","8":"product_cat-deliones","9":"product_cat-dideliu-daliu-deliones","10":"product_cat-naujienos","11":"product_tag-age-0-2-years","12":"product_tag-best","13":"product_tag-dinosaurs","14":"product_tag-early-learning-toys","15":"product_tag-jumbo-size","16":"product_tag-less-than-50-pieces","17":"product_tag-puzzles","18":"product_tag-regular-sale","20":"first","21":"instock","22":"taxable","23":"shipping-taxable","24":"product-type-simple"},"jetpack_sharing_enabled":true,"_links":{"self":[{"href":"https:\/\/b2b.mideer.lt\/en\/wp-json\/wp\/v2\/product\/4195"}],"collection":[{"href":"https:\/\/b2b.mideer.lt\/en\/wp-json\/wp\/v2\/product"}],"about":[{"href":"https:\/\/b2b.mideer.lt\/en\/wp-json\/wp\/v2\/types\/product"}],"wp:featuredmedia":[{"embeddable":true,"href":"https:\/\/b2b.mideer.lt\/en\/wp-json\/wp\/v2\/media\/4228"}],"wp:attachment":[{"href":"https:\/\/b2b.mideer.lt\/en\/wp-json\/wp\/v2\/media?parent=4195"}],"wp:term":[{"taxonomy":"product_brand","embeddable":true,"href":"https:\/\/b2b.mideer.lt\/en\/wp-json\/wp\/v2\/product_brand?post=4195"},{"taxonomy":"product_cat","embeddable":true,"href":"https:\/\/b2b.mideer.lt\/en\/wp-json\/wp\/v2\/product_cat?post=4195"},{"taxonomy":"product_tag","embeddable":true,"href":"https:\/\/b2b.mideer.lt\/en\/wp-json\/wp\/v2\/product_tag?post=4195"}],"curies":[{"name":"wp","href":"https:\/\/api.w.org\/{rel}","templated":true}]}}