{"id":4175,"date":"2024-07-31T10:52:23","date_gmt":"2024-07-31T10:52:23","guid":{"rendered":"https:\/\/b2b.mideer.lt\/product\/lipduku-klijavimo-uzduociu-knyga-level-1\/"},"modified":"2026-04-19T07:29:58","modified_gmt":"2026-04-19T07:29:58","slug":"lipduku-klijavimo-uzduociu-knyga-level-1","status":"publish","type":"product","link":"https:\/\/b2b.mideer.lt\/en\/product\/lipduku-klijavimo-uzduociu-knyga-level-1\/","title":{"rendered":"Sticker Sticker Activity Book Level 1"},"content":{"rendered":"<div data-mce-fragment=\"1\">\n<p data-sourcepos=\"3:1-3:127\">This is a series of creativity and fine motor skills activities for children. The collection consists of five themes: origami, paper cut-outs, stickers, colouring and combined creations. Each theme has three levels, from beginner to advanced.<\/p>\n<p data-sourcepos=\"5:1-5:66\">Children can choose a topic that interests them and start with a Level 1 book to master the basics. As they progress, they can move on to more advanced Level 2 and 3 techniques. A variety of activities - folding, cutting, sticking and colouring - allow children to learn and develop at their own pace while having fun creating art.<\/p>\n<p data-sourcepos=\"1:1-1:74\">Sticker art develops spatial awareness and artistic expression:<\/p>\n<ul data-sourcepos=\"3:1-3:59\">\n<li data-sourcepos=\"3:1-3:59\"><strong>Level 1 (3 years +):<\/strong> It starts with simple tasks such as putting stickers on a background to introduce basic concepts.<\/li>\n<li data-sourcepos=\"4:1-4:17\"><strong>Level 2 (4 years +):<\/strong> This progresses to the placement of stickers and the layering of patterns to create scenes.<\/li>\n<li data-sourcepos=\"5:1-5:1\"><strong>Level 3 (5 years +):<\/strong> Children are encouraged to cut and combine different stickers to create intricate and detailed works of art.<\/li>\n<\/ul>\n<\/div>","protected":false},"excerpt":{"rendered":"<p>Tai k\u016brybi\u0161kum\u0105 ir smuki\u0105j\u0105 motorik\u0105 ugdan\u010di\u0173 u\u017eduo\u010di\u0173 serija vaikams. Kolekcij\u0105 sudaro penkios temos: origami, popieriaus karpiniai, lipdukai, spalvinimas ir kombinuoti k\u016briniai. Kiekviena tema turi tris lygius \u2013 nuo pradedan\u010di\u0173j\u0173 iki pa\u017eengusi\u0173j\u0173. Vaikai gali pasirinkti juos dominan\u010di\u0105 tem\u0105 ir prad\u0117ti nuo 1 lygio knygos, kad \u012fvaldyt\u0173 pagrindus. Toliau tobul\u0117dami, jie gali pereiti prie sud\u0117tingesni\u0173 2 ir 3 lygio technik\u0173. \u012evairios veiklos \u2013 lankstymas, kirpimas, lipdymas ir spalvinimas \u2013 leid\u017eia vaikams mokytis ir tobul\u0117ti savo tempu, tuo pa\u010diu linksmai kuriant men\u0105. Lipduk\u0173 tema: Lipduk\u0173 menas lavina erdvin\u012f suvokim\u0105 ir menin\u0119 i\u0161rai\u0161k\u0105: 1 lygis (3 m. +): Prasideda nuo paprast\u0173 u\u017eduo\u010di\u0173, toki\u0173 kaip lipduk\u0173 klijavimas ant fono, siekiant \u012fvesti pagrindines s\u0105vokas. 2 lygis (4 m. +): Toliau pa\u017eengiama iki lipduk\u0173 i\u0161d\u0117stymo ir ra\u0161t\u0173 sluoksniavimo scen\u0173 k\u016brimui. 3 lygis (5 m. +): Vaikai yra skatinami pjaustyti ir derinti skirtingus lipdukus, kad sukurt\u0173 sud\u0117tingus ir detalius meno k\u016brinius.<\/p>","protected":false},"featured_media":4215,"template":"","meta":[],"product_brand":[],"product_cat":[15,234,235,236,237,245,250,255,263],"product_tag":[16,27,40,28,36,25,22,108],"class_list":{"0":"post-4175","1":"product","2":"type-product","3":"status-publish","4":"has-post-thumbnail","6":"product_cat-uncategorized","7":"product_cat-3-4-metai","8":"product_cat-5-6-metai","9":"product_cat-6-metai","10":"product_cat-ankstyvo-lavinimo-zaidimai","11":"product_cat-kurybiniu-uzduociu-knygeles","12":"product_cat-menai-ir-kurybiniai-uzsiemimai","13":"product_cat-naujienos","14":"product_cat-pasidaryk-pats","15":"product_tag-age-3-4-years","16":"product_tag-arts-crafts","17":"product_tag-best-sellers","18":"product_tag-diy","19":"product_tag-kol-koc","20":"product_tag-new-arrivals","21":"product_tag-regular-sale","22":"product_tag-singles-day","24":"first","25":"instock","26":"taxable","27":"shipping-taxable","28":"product-type-simple"},"jetpack_sharing_enabled":true,"_links":{"self":[{"href":"https:\/\/b2b.mideer.lt\/en\/wp-json\/wp\/v2\/product\/4175"}],"collection":[{"href":"https:\/\/b2b.mideer.lt\/en\/wp-json\/wp\/v2\/product"}],"about":[{"href":"https:\/\/b2b.mideer.lt\/en\/wp-json\/wp\/v2\/types\/product"}],"wp:featuredmedia":[{"embeddable":true,"href":"https:\/\/b2b.mideer.lt\/en\/wp-json\/wp\/v2\/media\/4215"}],"wp:attachment":[{"href":"https:\/\/b2b.mideer.lt\/en\/wp-json\/wp\/v2\/media?parent=4175"}],"wp:term":[{"taxonomy":"product_brand","embeddable":true,"href":"https:\/\/b2b.mideer.lt\/en\/wp-json\/wp\/v2\/product_brand?post=4175"},{"taxonomy":"product_cat","embeddable":true,"href":"https:\/\/b2b.mideer.lt\/en\/wp-json\/wp\/v2\/product_cat?post=4175"},{"taxonomy":"product_tag","embeddable":true,"href":"https:\/\/b2b.mideer.lt\/en\/wp-json\/wp\/v2\/product_tag?post=4175"}],"curies":[{"name":"wp","href":"https:\/\/api.w.org\/{rel}","templated":true}]}}