{"id":4168,"date":"2024-07-31T10:51:52","date_gmt":"2024-07-31T10:51:52","guid":{"rendered":"https:\/\/b2b.mideer.lt\/product\/irankiu-rinkinys-piesimui-dazais\/"},"modified":"2026-04-22T08:02:59","modified_gmt":"2026-04-22T08:02:59","slug":"irankiu-rinkinys-piesimui-dazais","status":"publish","type":"product","link":"https:\/\/b2b.mideer.lt\/en\/product\/irankiu-rinkinys-piesimui-dazais\/","title":{"rendered":"Painting tool set"},"content":{"rendered":"<h4>Painting tool set<\/h4>\n<p data-sourcepos=\"3:1-3:24\">Turn finger painting into a fun and clean pastime with this painting tool set. Designed for little artists, this set includes a roller for even paint application and stamps for different patterns. Made from child-safe materials, it guarantees a carefree creative process and offers endless possibilities for artistic expression. Take every painting session to new heights with our thoughtfully designed kit.<\/p>\n<p data-sourcepos=\"5:1-5:15\"><strong>The set includes:<\/strong><\/p>\n<ul data-sourcepos=\"6:1-10:16\">\n<li data-sourcepos=\"6:1-6:13\">1 x Roller<\/li>\n<li data-sourcepos=\"7:1-7:35\">1 x Irregular pattern brush<\/li>\n<li data-sourcepos=\"8:1-8:31\">2 x Linear pattern brush<\/li>\n<li data-sourcepos=\"9:1-9:16\">4 x Stamp<\/li>\n<li data-sourcepos=\"10:1-10:16\">2 x Handle<\/li>\n<\/ul>\n<p><strong>Dimensions:<\/strong> 15,2 x 7,5 x 11,2 cm<\/p>\n<p>&nbsp;<\/p>","protected":false},"excerpt":{"rendered":"<p>\u012eranki\u0173 rinkinys pie\u0161imui da\u017eais Paverskite da\u017eym\u0105 pir\u0161tais \u012f linksm\u0105 ir \u0161vari\u0105 pramog\u0105 su \u0161iuo da\u017eymo \u012franki\u0173 rinkiniu. \u0160is rinkinys sukurtas ma\u017eiesiems menininkams, apima volel\u012f tolygiam da\u017e\u0173 tepimui ir \u012fvairi\u0173 ra\u0161t\u0173 antspaudus. Pagamintas i\u0161 vaikams saugi\u0173 med\u017eiag\u0173, jis garantuoja ner\u016bpesting\u0105 k\u016brybin\u012f proces\u0105 ir suteikia begalines galimybes meninei i\u0161rai\u0161kai. Pakelkite kiekvien\u0105 da\u017eymo seans\u0105 \u012f naujas auk\u0161tumas su m\u016bs\u0173 apgalvotai sukurtu rinkiniu. Rinkin\u012f sudaro: 1 x Volelis 1 x Netaisyklingo ra\u0161to \u0161epet\u0117lis 2 x Linijinio ra\u0161to \u0161epet\u0117lis 4 x Antspaudas 2 x Ranken\u0117l\u0117 Matmenys: 15,2 x 7,5 x 11,2 cm &nbsp;<\/p>","protected":false},"featured_media":4193,"template":"","meta":[],"product_brand":[],"product_cat":[15,234,235,252,255],"product_tag":[281,282,288,49,137],"class_list":{"0":"post-4168","1":"product","2":"type-product","3":"status-publish","4":"has-post-thumbnail","6":"product_cat-uncategorized","7":"product_cat-3-4-metai","8":"product_cat-5-6-metai","9":"product_cat-meno-reikmenys","10":"product_cat-naujienos","11":"product_tag-kancelairines-prekes","12":"product_tag-mokyklos-reikmenys","13":"product_tag-spalvinimas","14":"product_tag-spalvinimo-priemones","15":"product_tag-spalvinimui","17":"first","18":"instock","19":"taxable","20":"shipping-taxable","21":"product-type-simple"},"jetpack_sharing_enabled":true,"_links":{"self":[{"href":"https:\/\/b2b.mideer.lt\/en\/wp-json\/wp\/v2\/product\/4168"}],"collection":[{"href":"https:\/\/b2b.mideer.lt\/en\/wp-json\/wp\/v2\/product"}],"about":[{"href":"https:\/\/b2b.mideer.lt\/en\/wp-json\/wp\/v2\/types\/product"}],"wp:featuredmedia":[{"embeddable":true,"href":"https:\/\/b2b.mideer.lt\/en\/wp-json\/wp\/v2\/media\/4193"}],"wp:attachment":[{"href":"https:\/\/b2b.mideer.lt\/en\/wp-json\/wp\/v2\/media?parent=4168"}],"wp:term":[{"taxonomy":"product_brand","embeddable":true,"href":"https:\/\/b2b.mideer.lt\/en\/wp-json\/wp\/v2\/product_brand?post=4168"},{"taxonomy":"product_cat","embeddable":true,"href":"https:\/\/b2b.mideer.lt\/en\/wp-json\/wp\/v2\/product_cat?post=4168"},{"taxonomy":"product_tag","embeddable":true,"href":"https:\/\/b2b.mideer.lt\/en\/wp-json\/wp\/v2\/product_tag?post=4168"}],"curies":[{"name":"wp","href":"https:\/\/api.w.org\/{rel}","templated":true}]}}