{"id":407,"date":"2024-04-26T07:42:10","date_gmt":"2024-04-26T07:42:10","guid":{"rendered":"https:\/\/b2b.mideer.lt\/product\/level-up-puzzles-level-4-transportation-54p-88p\/"},"modified":"2026-04-19T07:30:03","modified_gmt":"2026-04-19T07:30:03","slug":"level-up-deliones-4-lygis-transporto-priemones","status":"publish","type":"product","link":"https:\/\/b2b.mideer.lt\/en\/product\/level-up-deliones-4-lygis-transporto-priemones\/","title":{"rendered":"Level Up Puzzle Set - Level 4 Vehicles"},"content":{"rendered":"<p>Level Up Puzzles - Level 4 Vehicles Mideer Level Up! series consists of 8 levels, where the number of puzzle pieces increases gradually, matching children's intellectual development and activating their brains from all angles. The images start with a single animal and become more complex, gradually improving children's perception. Different styles of art stimulate children's imagination. Smooth edges without sharp edges encourage safe play and learning with hands.<\/p>\n<p><strong>Level 4: Transport Facilities<\/strong> The theme includes 3 puzzles in one box and presents the animals of Animal City as they travel by plane, fire engine and rocket, exploring the world.<\/p>\n<ul>\n<li><strong>Age<\/strong>: 3,5+<\/li>\n<li><strong>Box dimensions<\/strong>: 19.2 cm x 22.5 cm x 12.5 cm<\/li>\n<li><strong>Included<\/strong>: 3 puzzles, 1 instruction booklet, 1 parent guide, 1 certificate, 1 sticker<\/li>\n<li><strong>Number of parts<\/strong>: 54 parts, 70 parts, 88 parts<\/li>\n<li><strong>Size of jigsaw puzzle<\/strong>: 37.5 cm x 24.8 cm<\/li>\n<li><strong>Available from<\/strong>: Food-grade, thick cardboard printed with soy ink<\/li>\n<\/ul>","protected":false},"excerpt":{"rendered":"<p>Level Up d\u0117lion\u0117s &#8211; 4 lygis Transporto priemon\u0117s Mideer Level Up! d\u0117lioni\u0173 serija susideda i\u0161 8 lygi\u0173, kuriuose d\u0117lion\u0117s dali\u0173 skai\u010dius did\u0117ja palaipsniui, atitinkant vaik\u0173 intelektin\u012f vystym\u0105si ir aktyvinant j\u0173 smegenis i\u0161 vis\u0173 pusi\u0173. Vaizdai prasideda nuo vieno gyv\u016bno ir tampa vis sud\u0117tingesniais vaizdais, palaipsniui gerinant vaik\u0173 suvokim\u0105. \u012evair\u016bs dail\u0117s stili\u0173 paveikslai \u017eadina vaik\u0173 vaizduot\u0119. Lyg\u016bs ir be a\u0161tri\u0173 briaun\u0173 kra\u0161tai skatina saug\u0173 \u017eaidim\u0105 ir mokym\u0105si rankomis. 4 lygis: Transporto Priemon\u0117s tema apima 3 d\u0117lion\u0117s vienoje d\u0117\u017e\u0117je ir pristato gyv\u016bn\u0173 miesto gyv\u016bnus, kurie keliauja l\u0117ktuvu, gaisrine ma\u0161ina ir raketa, tyrin\u0117dami pasaul\u012f. Am\u017eius: 3,5+ D\u0117\u017eut\u0117s matmenys: 19.2 cm x 22.5 cm x 12.5 cm Komplekte: 3 d\u0117lion\u0117s, 1 instrukcija, 1 t\u0117v\u0173 vadovas, 1 sertifikatas, 1 lipdukas Dali\u0173 skai\u010dius: 54 dalys, 70 dali\u0173, 88 dalys Sud\u0117liotos d\u0117lion\u0117s dydis: 37.5 cm x 24.8 cm Med\u017eiaga: Maistin\u0117s kokyb\u0117s, storas kartonas, spausdintas sojos ra\u0161alu<\/p>","protected":false},"featured_media":4970,"template":"","meta":[],"product_brand":[],"product_cat":[234,235,240,242,244,247,253,260,277,274],"product_tag":[102,16,63,40,58,33,64,65,20,133,36,181,104,67,68,22,23,132,76,70],"class_list":{"0":"post-407","1":"product","2":"type-product","3":"status-publish","4":"has-post-thumbnail","6":"product_cat-3-4-metai","7":"product_cat-5-6-metai","8":"product_cat-deliones","9":"product_cat-dovanu-idejos","10":"product_cat-kas-populiaru","11":"product_cat-level-up-deliones","12":"product_cat-mini-deliones","13":"product_cat-nuo-50-iki-100-daliu","14":"product_cat-smart-products-filter-index-do-not-delete","15":"product_cat-visos-deliones","16":"product_tag-50-to-100-pieces","17":"product_tag-age-3-4-years","18":"product_tag-best","19":"product_tag-best-sellers","20":"product_tag-cars-trucks","21":"product_tag-delione","22":"product_tag-deliones-vaikams","23":"product_tag-deliones-vaikui","24":"product_tag-gift","25":"product_tag-gyvunu-deliones","26":"product_tag-kol-koc","27":"product_tag-level-up-puzzles","28":"product_tag-mini-puzzles","29":"product_tag-puzle","30":"product_tag-puzzles","31":"product_tag-regular-sale","32":"product_tag-test","33":"product_tag-transporto-priemones","34":"product_tag-us-warehouse","35":"product_tag-vaikiska-delione","37":"first","38":"instock","39":"taxable","40":"shipping-taxable","41":"product-type-simple"},"jetpack_sharing_enabled":true,"_links":{"self":[{"href":"https:\/\/b2b.mideer.lt\/en\/wp-json\/wp\/v2\/product\/407"}],"collection":[{"href":"https:\/\/b2b.mideer.lt\/en\/wp-json\/wp\/v2\/product"}],"about":[{"href":"https:\/\/b2b.mideer.lt\/en\/wp-json\/wp\/v2\/types\/product"}],"wp:featuredmedia":[{"embeddable":true,"href":"https:\/\/b2b.mideer.lt\/en\/wp-json\/wp\/v2\/media\/4970"}],"wp:attachment":[{"href":"https:\/\/b2b.mideer.lt\/en\/wp-json\/wp\/v2\/media?parent=407"}],"wp:term":[{"taxonomy":"product_brand","embeddable":true,"href":"https:\/\/b2b.mideer.lt\/en\/wp-json\/wp\/v2\/product_brand?post=407"},{"taxonomy":"product_cat","embeddable":true,"href":"https:\/\/b2b.mideer.lt\/en\/wp-json\/wp\/v2\/product_cat?post=407"},{"taxonomy":"product_tag","embeddable":true,"href":"https:\/\/b2b.mideer.lt\/en\/wp-json\/wp\/v2\/product_tag?post=407"}],"curies":[{"name":"wp","href":"https:\/\/api.w.org\/{rel}","templated":true}]}}