{"id":405,"date":"2024-04-26T07:42:09","date_gmt":"2024-04-26T07:42:09","guid":{"rendered":"https:\/\/b2b.mideer.lt\/product\/level-up-puzzles-level-4-fairy-tale-town-54p-88p\/"},"modified":"2026-04-05T07:32:24","modified_gmt":"2026-04-05T07:32:24","slug":"level-up-puzzles-level-4-fairy-tale-town-54p-88p","status":"publish","type":"product","link":"https:\/\/b2b.mideer.lt\/en\/product\/level-up-puzzles-level-4-fairy-tale-town-54p-88p\/","title":{"rendered":"Level Up Puzzle Set - Level 4 Magical Animal World"},"content":{"rendered":"<p data-mce-fragment=\"1\">Level Up Puzzle - Level 4 Fairytale City. Mideer Level Up! series of puzzles is designed to develop children's intellectual development and activate the brain in all aspects, from simple animals to complex scenes, gradually improving children's cognition. The series consists of 8 levels where the number of puzzle pieces increases from level to level.<\/p>\n<p data-mce-fragment=\"1\"><strong data-mce-fragment=\"1\">Level 4: Fairytale City<\/strong> The theme provides 3 puzzles in one box and is designed for three 2D representations of animals living in a fairy-tale town, including a dessert station, a dwelling house and a neighbourhood.<\/p>\n<ul data-mce-fragment=\"1\">\n<li data-mce-fragment=\"1\"><strong data-mce-fragment=\"1\">Age<\/strong>: 3,5+<\/li>\n<li data-mce-fragment=\"1\"><strong data-mce-fragment=\"1\">Box dimensions<\/strong>: 19.2 cm x 22.5 cm x 12.5 cm<\/li>\n<li data-mce-fragment=\"1\"><strong data-mce-fragment=\"1\">Included<\/strong>: 3 puzzles, 1 instruction booklet, 1 parent guide, 1 certificate, 1 sticker<\/li>\n<li data-mce-fragment=\"1\"><strong data-mce-fragment=\"1\">Number of parts<\/strong>: 54 parts, 70 parts, 88 parts<\/li>\n<li data-mce-fragment=\"1\"><strong data-mce-fragment=\"1\">Size of jigsaw puzzle<\/strong>: 37.5 cm x 24.8 cm<\/li>\n<li data-mce-fragment=\"1\"><strong data-mce-fragment=\"1\">Available from<\/strong>: Food-grade, thick cardboard printed with soy ink<\/li>\n<\/ul>","protected":false},"excerpt":{"rendered":"<p>Level Up d\u0117lion\u0117s &#8211; 4 lygis Pasak\u0173 miestas. Mideer Level Up! d\u0117lioni\u0173 serija yra skirta vaik\u0173 intelektiniam vystymuisi ir smegen\u0173 aktyvinimui visais aspektais, nuo paprasto gyv\u016bno iki sud\u0117ting\u0173 scen\u0173, palaipsniui gerinant vaik\u0173 pa\u017einim\u0105. Serija susideda i\u0161 8 lygi\u0173, kur d\u0117lion\u0117s dali\u0173 skai\u010dius did\u0117ja nuo lygio prie lygio. 4 lygis: Pasak\u0173 Miesto tema suteikia 3 d\u0117liones vienoje d\u0117\u017e\u0117je ir yra skirta trims 2D vaizdams apie gyv\u016bnus, gyvenan\u010dius pasak\u0173 miestelyje, \u012fskaitant desert\u0173 stot\u012f, gyvenam\u0105j\u012f nam\u0105 ir kaimynyst\u0119. Am\u017eius: 3,5+ D\u0117\u017eut\u0117s matmenys: 19.2 cm x 22.5 cm x 12.5 cm Komplekte: 3 d\u0117lion\u0117s, 1 instrukcija, 1 t\u0117v\u0173 vadovas, 1 sertifikatas, 1 lipdukas Dali\u0173 skai\u010dius: 54 dalys, 70 dali\u0173, 88 dalys Sud\u0117liotos d\u0117lion\u0117s dydis: 37.5 cm x 24.8 cm Med\u017eiaga: Maistin\u0117s kokyb\u0117s, storas kartonas, spausdintas sojos ra\u0161alu<\/p>","protected":false},"featured_media":4969,"template":"","meta":[],"product_brand":[],"product_cat":[234,235,240,242,247,253,260,277,274],"product_tag":[102,16,63,40,33,64,65,87,85,20,36,181,184,141,104,185,67,68,22,76,70],"class_list":{"0":"post-405","1":"product","2":"type-product","3":"status-publish","4":"has-post-thumbnail","6":"product_cat-3-4-metai","7":"product_cat-5-6-metai","8":"product_cat-deliones","9":"product_cat-dovanu-idejos","10":"product_cat-level-up-deliones","11":"product_cat-mini-deliones","12":"product_cat-nuo-50-iki-100-daliu","13":"product_cat-smart-products-filter-index-do-not-delete","14":"product_cat-visos-deliones","15":"product_tag-50-to-100-pieces","16":"product_tag-age-3-4-years","17":"product_tag-best","18":"product_tag-best-sellers","19":"product_tag-delione","20":"product_tag-deliones-vaikams","21":"product_tag-deliones-vaikui","22":"product_tag-fantasy-magic","23":"product_tag-for-girls","24":"product_tag-gift","25":"product_tag-kol-koc","26":"product_tag-level-up-puzzles","27":"product_tag-medine-delione","28":"product_tag-miestas","29":"product_tag-mini-puzzles","30":"product_tag-pasakos","31":"product_tag-puzle","32":"product_tag-puzzles","33":"product_tag-regular-sale","34":"product_tag-us-warehouse","35":"product_tag-vaikiska-delione","37":"first","38":"outofstock","39":"taxable","40":"shipping-taxable","41":"product-type-simple"},"jetpack_sharing_enabled":true,"_links":{"self":[{"href":"https:\/\/b2b.mideer.lt\/en\/wp-json\/wp\/v2\/product\/405"}],"collection":[{"href":"https:\/\/b2b.mideer.lt\/en\/wp-json\/wp\/v2\/product"}],"about":[{"href":"https:\/\/b2b.mideer.lt\/en\/wp-json\/wp\/v2\/types\/product"}],"wp:featuredmedia":[{"embeddable":true,"href":"https:\/\/b2b.mideer.lt\/en\/wp-json\/wp\/v2\/media\/4969"}],"wp:attachment":[{"href":"https:\/\/b2b.mideer.lt\/en\/wp-json\/wp\/v2\/media?parent=405"}],"wp:term":[{"taxonomy":"product_brand","embeddable":true,"href":"https:\/\/b2b.mideer.lt\/en\/wp-json\/wp\/v2\/product_brand?post=405"},{"taxonomy":"product_cat","embeddable":true,"href":"https:\/\/b2b.mideer.lt\/en\/wp-json\/wp\/v2\/product_cat?post=405"},{"taxonomy":"product_tag","embeddable":true,"href":"https:\/\/b2b.mideer.lt\/en\/wp-json\/wp\/v2\/product_tag?post=405"}],"curies":[{"name":"wp","href":"https:\/\/api.w.org\/{rel}","templated":true}]}}