{"id":4033,"date":"2024-06-13T09:20:47","date_gmt":"2024-06-13T09:20:47","guid":{"rendered":"https:\/\/b2b.mideer.lt\/?post_type=product&#038;p=4033"},"modified":"2026-04-21T07:29:59","modified_gmt":"2026-04-21T07:29:59","slug":"spalvinimo-akvarele-knygele-dinozauru-akademija","status":"publish","type":"product","link":"https:\/\/b2b.mideer.lt\/en\/product\/spalvinimo-akvarele-knygele-dinozauru-akademija\/","title":{"rendered":"Watercolour colouring book Dinosaur Academy"},"content":{"rendered":"<div data-line=\"true\" data-line-index=\"0\" data-zone-id=\"0\">\n<p data-sourcepos=\"5:1-5:324\">Paint with water - all in one box! Paints, colouring pages and brush in a compact package. All you need is a little water and you're ready to start drawing! Convenient to carry on the go, this box is the perfect companion for little discoverers. The paper is thick, so the paint won't bleed and the drawing experience will be even more enjoyable.<\/p>\n<p data-sourcepos=\"7:1-7:125\">\"The Dinosaur Academy collection has 22 pages and more than 20 fun storylines to satisfy the curiosity of little travellers.<\/p>\n<\/div>\n<ul>\n<li><strong>Am\u017eius:<\/strong> 5+<\/li>\n<li><strong>D\u0117\u017eut\u0117s matmenys:<\/strong> 19 cm x 8 cm x 1,3 cm<\/li>\n<li><strong>Included:<\/strong> 22 pages, 6 colours, 1 brush<\/li>\n<li><strong>Med\u017eiaga:<\/strong> Paper<\/li>\n<\/ul>","protected":false},"excerpt":{"rendered":"<p>Pie\u0161k vandeniu \u2013 viskas vienoje d\u0117\u017eut\u0117je! Da\u017eai, spalvinimo puslapiai ir teptukas kompakti\u0161koje pakuot\u0117je. Tereikia \u0161iek tiek vandens ir gali prad\u0117ti pie\u0161ti! Patogi ne\u0161iotis keliaujant, \u0161i d\u0117\u017eut\u0117 \u2013 puikus kompanionas ma\u017eiesiems atrad\u0117jams. Popierius storas, tod\u0117l da\u017eai nei\u0161sisklaidys ir pie\u0161imo patirtis bus dar malonesn\u0117. &#8220;Dinozaur\u0173 akademija&#8221; rinkinyje net 22 puslapiai ir daugiau nei 20 smagi\u0173 siu\u017eet\u0173, kurie patenkins ma\u017e\u0173j\u0173 keliautoj\u0173 smalsum\u0105. Am\u017eius: 5+ D\u0117\u017eut\u0117s matmenys: 19 cm x 8 cm x 1,3 cm \u012etraukta: 22 puslapiai, 6 spalvos, 1 \u0161epet\u0117lis Med\u017eiaga: Popierius<\/p>","protected":false},"featured_media":5054,"template":"","meta":[],"product_brand":[],"product_cat":[235,236,244,250,252,277,266,267,275],"product_tag":[16,17,18,27,40,145,85,36,75,22,76],"class_list":{"0":"post-4033","1":"product","2":"type-product","3":"status-publish","4":"has-post-thumbnail","6":"product_cat-5-6-metai","7":"product_cat-6-metai","8":"product_cat-kas-populiaru","9":"product_cat-menai-ir-kurybiniai-uzsiemimai","10":"product_cat-meno-reikmenys","11":"product_cat-smart-products-filter-index-do-not-delete","12":"product_cat-spalvinimo-akvarele-knygeles","13":"product_cat-spalvinimo-knygeles","14":"product_cat-visos-meno-prekes","15":"product_tag-age-3-4-years","16":"product_tag-age-5-6-years","17":"product_tag-age-6-years","18":"product_tag-arts-crafts","19":"product_tag-best-sellers","20":"product_tag-coloring-rolls-books","21":"product_tag-for-girls","22":"product_tag-kol-koc","23":"product_tag-planets-space","24":"product_tag-regular-sale","25":"product_tag-us-warehouse","27":"first","28":"instock","29":"taxable","30":"shipping-taxable","31":"product-type-simple"},"jetpack_sharing_enabled":true,"_links":{"self":[{"href":"https:\/\/b2b.mideer.lt\/en\/wp-json\/wp\/v2\/product\/4033"}],"collection":[{"href":"https:\/\/b2b.mideer.lt\/en\/wp-json\/wp\/v2\/product"}],"about":[{"href":"https:\/\/b2b.mideer.lt\/en\/wp-json\/wp\/v2\/types\/product"}],"wp:featuredmedia":[{"embeddable":true,"href":"https:\/\/b2b.mideer.lt\/en\/wp-json\/wp\/v2\/media\/5054"}],"wp:attachment":[{"href":"https:\/\/b2b.mideer.lt\/en\/wp-json\/wp\/v2\/media?parent=4033"}],"wp:term":[{"taxonomy":"product_brand","embeddable":true,"href":"https:\/\/b2b.mideer.lt\/en\/wp-json\/wp\/v2\/product_brand?post=4033"},{"taxonomy":"product_cat","embeddable":true,"href":"https:\/\/b2b.mideer.lt\/en\/wp-json\/wp\/v2\/product_cat?post=4033"},{"taxonomy":"product_tag","embeddable":true,"href":"https:\/\/b2b.mideer.lt\/en\/wp-json\/wp\/v2\/product_tag?post=4033"}],"curies":[{"name":"wp","href":"https:\/\/api.w.org\/{rel}","templated":true}]}}