{"id":395,"date":"2024-04-26T07:41:57","date_gmt":"2024-04-26T07:41:57","guid":{"rendered":"https:\/\/b2b.mideer.lt\/product\/level-up-puzzles-level-1-animals-2p-6p\/"},"modified":"2026-04-22T22:03:29","modified_gmt":"2026-04-22T22:03:29","slug":"level-up-deliones-1-lygis-gyvunai","status":"publish","type":"product","link":"https:\/\/b2b.mideer.lt\/en\/product\/level-up-deliones-1-lygis-gyvunai\/","title":{"rendered":"Level Up Puzzle Set - Level 1 Animals"},"content":{"rendered":"<p>Level Up Puzzles - Level 1 The Animals series consists of 8 levels. The number of puzzle pieces increases level by level, matching children's intellectual development and activating children's brains in all aspects. The pictures start with a single animal and become more and more complex, gradually improving children's cognition. Different styles of art stimulate children's imagination. Smooth and sharp-edged details promote safe learning and hand play.<\/p>\n<p>Level 1: Animal Theme has 10 puzzles per box and presents different animals.<\/p>\n<ul>\n<li><strong>Age<\/strong>: 2+<\/li>\n<li><strong>Box dimensions<\/strong>: 19.2 cm x 22.5 cm x 12.5 cm<\/li>\n<li><strong>Included<\/strong>: 10 puzzles, 1 instruction booklet, 1 parent guide, 1 certificate, 1 sticker<\/li>\n<li><strong>Number of parts<\/strong>: 2 parts, 2 parts, 3 parts, 3 parts, 4 parts, 4 parts, 5 parts, 5 parts, 6 parts, 6 parts<\/li>\n<li><strong>Size of jigsaw puzzle<\/strong>: 12.8 cm x 16 cm, 10 cm x 15 cm, 18.4 cm x 14.7 cm, 21.1 cm x 12.2 cm, 21.1 cm x 12.2 cm, 16.1 cm x 18.5 cm, 21.6 cm x 16 cm, 13.7 cm x 24.5 cm, 22.6 cm x 16.2 cm, 33.4 cm x 21.7 cm<\/li>\n<li><strong>Available from<\/strong>: Food-grade, thick cardboard printed with soy ink<\/li>\n<\/ul>","protected":false},"excerpt":{"rendered":"<p>Level Up d\u0117lion\u0117s &#8211; 1 lygis Gyv\u016bnai serija susideda i\u0161 8 lygi\u0173. D\u0117lion\u0117s dali\u0173 skai\u010dius did\u0117ja lygis po lygio, atitinkant vaik\u0173 intelektin\u012f vystym\u0105si ir aktyvinant vaik\u0173 smegenis visais aspektais. Paveikslai prasideda nuo vieno gyv\u016bno ir tampa vis sud\u0117tingesniais, palaipsniui gerinant vaik\u0173 pa\u017einim\u0105. \u012evair\u016bs meno stiliai \u017eadina vaik\u0173 vaizduot\u0119. Lygios ir be a\u0161tri\u0173 briaun\u0173 detal\u0117s skatina saug\u0173 mokym\u0105si ir \u017eaidim\u0105 rankomis. 1 lygis: gyv\u016bn\u0173 tema turi 10 d\u0117lioni\u0173 vienoje d\u0117\u017e\u0117je ir pristato \u012fvairius gyv\u016bnus. Am\u017eius: 2+ D\u0117\u017eut\u0117s matmenys: 19.2 cm x 22.5 cm x 12.5 cm Komplekte: 10 d\u0117lioni\u0173, 1 instrukcija, 1 t\u0117v\u0173 vadovas, 1 sertifikatas, 1 lipdukas Dali\u0173 skai\u010dius: 2 dalys, 2 dalys, 3 dalys, 3 dalys, 4 dalys, 4 dalys, 5 dalys, 5 dalys, 6 dalys, 6 dalys Sud\u0117liotos d\u0117lion\u0117s dydis: 12.8 cm x 16 cm, 10 cm x 15 cm, 18.4 cm x 14.7 cm, 21.1 cm x 12.2 cm, 21.1 cm x 12.2 cm, 16.1 cm x 18.5 cm, 21.6 cm x 16 cm, 13.7 cm x 24.5 cm, 22.6 cm x 16.2 cm, 33.4 cm x 21.7 cm Med\u017eiaga: Maistin\u0117s kokyb\u0117s, storas kartonas, spausdintas sojos ra\u0161alu<\/p>","protected":false},"featured_media":4962,"template":"","meta":[],"product_brand":[],"product_cat":[233,237,240,241,242,247,249,253,277,274],"product_tag":[138,62,63,40,33,64,65,123,85,20,133,139,36,140,181,67,68,22,76,70],"class_list":{"0":"post-395","1":"product","2":"type-product","3":"status-publish","4":"has-post-thumbnail","6":"product_cat-0-2-metai","7":"product_cat-ankstyvo-lavinimo-zaidimai","8":"product_cat-deliones","9":"product_cat-dideliu-daliu-deliones","10":"product_cat-dovanu-idejos","11":"product_cat-level-up-deliones","12":"product_cat-maziau-nei-50-daliu","13":"product_cat-mini-deliones","14":"product_cat-smart-products-filter-index-do-not-delete","15":"product_cat-visos-deliones","16":"product_tag-age-0-2-years","17":"product_tag-animals-nature","18":"product_tag-best","19":"product_tag-best-sellers","20":"product_tag-delione","21":"product_tag-deliones-vaikams","22":"product_tag-deliones-vaikui","23":"product_tag-early-learning-toys","24":"product_tag-for-girls","25":"product_tag-gift","26":"product_tag-gyvunu-deliones","27":"product_tag-jumbo-size","28":"product_tag-kol-koc","29":"product_tag-less-than-50-pieces","30":"product_tag-level-up-puzzles","31":"product_tag-puzle","32":"product_tag-puzzles","33":"product_tag-regular-sale","34":"product_tag-us-warehouse","35":"product_tag-vaikiska-delione","37":"first","38":"instock","39":"taxable","40":"shipping-taxable","41":"product-type-simple"},"jetpack_sharing_enabled":true,"_links":{"self":[{"href":"https:\/\/b2b.mideer.lt\/en\/wp-json\/wp\/v2\/product\/395"}],"collection":[{"href":"https:\/\/b2b.mideer.lt\/en\/wp-json\/wp\/v2\/product"}],"about":[{"href":"https:\/\/b2b.mideer.lt\/en\/wp-json\/wp\/v2\/types\/product"}],"wp:featuredmedia":[{"embeddable":true,"href":"https:\/\/b2b.mideer.lt\/en\/wp-json\/wp\/v2\/media\/4962"}],"wp:attachment":[{"href":"https:\/\/b2b.mideer.lt\/en\/wp-json\/wp\/v2\/media?parent=395"}],"wp:term":[{"taxonomy":"product_brand","embeddable":true,"href":"https:\/\/b2b.mideer.lt\/en\/wp-json\/wp\/v2\/product_brand?post=395"},{"taxonomy":"product_cat","embeddable":true,"href":"https:\/\/b2b.mideer.lt\/en\/wp-json\/wp\/v2\/product_cat?post=395"},{"taxonomy":"product_tag","embeddable":true,"href":"https:\/\/b2b.mideer.lt\/en\/wp-json\/wp\/v2\/product_tag?post=395"}],"curies":[{"name":"wp","href":"https:\/\/api.w.org\/{rel}","templated":true}]}}