{"id":261,"date":"2024-04-26T07:39:52","date_gmt":"2024-04-26T07:39:52","guid":{"rendered":"https:\/\/b2b.mideer.lt\/product\/jelly-sticker-set-the-busy-animal-town\/"},"modified":"2026-04-22T08:48:28","modified_gmt":"2026-04-22T08:48:28","slug":"daugkartiniai-lipdukai-gyvunu-miestas","status":"publish","type":"product","link":"https:\/\/b2b.mideer.lt\/en\/product\/daugkartiniai-lipdukai-gyvunu-miestas\/","title":{"rendered":"Reusable stickers Animal City"},"content":{"rendered":"<h2 class=\"\" data-sourcepos=\"1:1-1:80\">Animal City reusable stickers: bring imagination and adventure to life!<\/h2>\n<p data-sourcepos=\"3:1-3:2\"><strong>Take a trip to the lively and bustling \"Animal City\" with the reusable sticker set!<\/strong> This toy not only entertains children, but also stimulates their creativity, imagination and fine motor skills.<\/p>\n<p data-sourcepos=\"5:1-5:64\"><strong>Why choose the Animal City reusable stickers?<\/strong><\/p>\n<p><strong>Open game:<\/strong> The stickers allow children to freely create their own stories and scenarios, stimulating their imagination and creativity.<\/p>\n<p><strong>Educational value:<\/strong> Playing with the stickers allows children to learn about different animals, their lifestyles and their environment.<\/p>\n<p><strong>Develops fine motor skills:<\/strong> Opening and moving the stickers helps children develop fine motor skills and hand-eye coordination.<\/p>\n<p><strong>Reusable:<\/strong> The stickers are made of durable and reusable materials so children can play with them again and again.<\/p>\n<p><strong>Safe and non-toxic:<\/strong> The stickers are made of safe and non-toxic materials, so parents can rest assured that their children are playing without worries.<\/p>\n<p><strong>Sensory play:<\/strong> The variety and texture of the stickers provide children with sensory experiences that can help them calm down and concentrate.<\/p>\n<p data-sourcepos=\"14:1-14:38\"><strong>In the \"Animal City\" set you will find:<\/strong><\/p>\n<p>Stickers with adorable animal characters in different colours.<\/p>\n<p>Stickers for various buildings and objects to create a unique urban environment.<\/p>\n<p>Large city backdrops on which children can create their own scenarios.<\/p>\n<ul data-mce-fragment=\"1\">\n<li data-mce-fragment=\"1\"><strong data-mce-fragment=\"1\">Age<\/strong>: 3+<\/li>\n<li data-mce-fragment=\"1\"><strong data-mce-fragment=\"1\">Box dimensions<\/strong>: 11.73\u2033 x 9.13\u2033<\/li>\n<li data-mce-fragment=\"1\"><strong data-mce-fragment=\"1\">Including<\/strong>: 1 carton, 1 sheet (38 stickers)<\/li>\n<li data-mce-fragment=\"1\"><strong data-mce-fragment=\"1\">Available from<\/strong>: paper, TPE<\/li>\n<\/ul>","protected":false},"excerpt":{"rendered":"<p>Daugkartiniai lipdukai Gyv\u016bn\u0173 Miestas: atgaivinkite vaizduot\u0119 ir nuotykius! Atlikite kelion\u0119 \u012f gyvybing\u0105 ir \u0161urmuliuojant\u012f &#8220;Gyv\u016bn\u0173 Miest\u0105&#8221; su daugkartini\u0173 lipduk\u0173 rinkiniu! \u0160is \u017eaislas ne tik linksmina vaikus, bet ir skatina j\u0173 k\u016brybi\u0161kum\u0105, vaizduot\u0119 ir smulki\u0105j\u0105 motorik\u0105. Kod\u0117l verta rinktis daugkartinius lipdukus &#8220;Gyv\u016bn\u0173 Miestas&#8221;? Atviras \u017eaidimas: Lipdukai leid\u017eia vaikams laisvai kurti savo istorijas ir scenarijus, skatindami vaizduot\u0119 ir k\u016brybi\u0161kum\u0105. Edukacin\u0117 vert\u0117: \u017daid\u017eiant su lipdukais vaikai gali pa\u017einti \u012fvairius gyv\u016bnus, j\u0173 gyvenimo b\u016bd\u0105 ir aplink\u0105. Lavina smulki\u0105j\u0105 motorik\u0105: Lipduk\u0173 atpl\u0117\u0161imas ir perk\u0117limas padeda vaikams lavinti smulki\u0105j\u0105 motorik\u0105 ir rank\u0173 judesi\u0173 koordinacij\u0105. Daugkartinis naudojimas: Lipdukai yra pagaminti i\u0161 patvari\u0173 ir daugkartinio naudojimo med\u017eiag\u0173, tod\u0117l vaikai gali jais \u017eaisti v\u0117l ir v\u0117l. Saugus ir netoksi\u0161kas: Lipdukai pagaminti i\u0161 saugi\u0173 ir netoksi\u0161k\u0173 med\u017eiag\u0173, tod\u0117l t\u0117vai gali b\u016bti ram\u016bs, kad j\u0173 vaikai \u017eaid\u017eia be r\u016bpes\u010di\u0173. Sensorinis \u017eaidimas: Lipduk\u0173 \u012fvairov\u0117 ir tekst\u016bra suteikia vaikams sensorini\u0173 potyri\u0173, kurie gali pad\u0117ti jiems nuraminti ir susikaupti. &#8220;Gyv\u016bn\u0173 Miestas&#8221; rinkinyje rasite: \u012evairi\u0173 spalv\u0173 lipdukus su \u017eavingais gyv\u016bn\u0173 persona\u017eais. \u012evairi\u0173 pastat\u0173 ir objekt\u0173 lipdukus, skirtus sukurti unikali\u0105 miesto aplink\u0105. Didelius miesto fonus, ant kuri\u0173 vaikai gali kurti savo scenarijus. Am\u017eius: 3+ D\u0117\u017e\u0117s i\u0161matavimai: 11.73&#8243; x 9.13&#8243; \u012eskaitant: 1 karton\u0105, 1 lap\u0105 (38 lipdukai) Med\u017eiaga: popierius, TPE<\/p>","protected":false},"featured_media":1677,"template":"","meta":[],"product_brand":[],"product_cat":[234,237,239,272,264,277,275,276],"product_tag":[16,17,27,40,126,123,66,133,127,128,36,129,130,134,22,29,23],"class_list":{"0":"post-261","1":"product","2":"type-product","3":"status-publish","4":"has-post-thumbnail","6":"product_cat-3-4-metai","7":"product_cat-ankstyvo-lavinimo-zaidimai","8":"product_cat-daugiau-zaislu-ir-zaidimu","9":"product_cat-kaledines-dovanos","10":"product_cat-perkamiausi","11":"product_cat-smart-products-filter-index-do-not-delete","12":"product_cat-visos-meno-prekes","13":"product_cat-zaislai-ir-zaidimai","14":"product_tag-age-3-4-years","15":"product_tag-age-5-6-years","16":"product_tag-arts-crafts","17":"product_tag-best-sellers","18":"product_tag-daugkartiniai-lipdukai","19":"product_tag-early-learning-toys","20":"product_tag-gamta","21":"product_tag-gyvunu-deliones","22":"product_tag-ilgalaikiai-lipdukai","23":"product_tag-klijuojami-lipdukai","24":"product_tag-kol-koc","25":"product_tag-lipdukai-vaikams","26":"product_tag-lipduku-rinkinys","27":"product_tag-personazai","28":"product_tag-regular-sale","29":"product_tag-stickers-sticker-books","30":"product_tag-test","32":"first","33":"instock","34":"taxable","35":"shipping-taxable","36":"product-type-simple"},"jetpack_sharing_enabled":true,"_links":{"self":[{"href":"https:\/\/b2b.mideer.lt\/en\/wp-json\/wp\/v2\/product\/261"}],"collection":[{"href":"https:\/\/b2b.mideer.lt\/en\/wp-json\/wp\/v2\/product"}],"about":[{"href":"https:\/\/b2b.mideer.lt\/en\/wp-json\/wp\/v2\/types\/product"}],"wp:featuredmedia":[{"embeddable":true,"href":"https:\/\/b2b.mideer.lt\/en\/wp-json\/wp\/v2\/media\/1677"}],"wp:attachment":[{"href":"https:\/\/b2b.mideer.lt\/en\/wp-json\/wp\/v2\/media?parent=261"}],"wp:term":[{"taxonomy":"product_brand","embeddable":true,"href":"https:\/\/b2b.mideer.lt\/en\/wp-json\/wp\/v2\/product_brand?post=261"},{"taxonomy":"product_cat","embeddable":true,"href":"https:\/\/b2b.mideer.lt\/en\/wp-json\/wp\/v2\/product_cat?post=261"},{"taxonomy":"product_tag","embeddable":true,"href":"https:\/\/b2b.mideer.lt\/en\/wp-json\/wp\/v2\/product_tag?post=261"}],"curies":[{"name":"wp","href":"https:\/\/api.w.org\/{rel}","templated":true}]}}