{"id":259,"date":"2024-08-02T08:39:53","date_gmt":"2024-08-02T08:39:53","guid":{"rendered":"https:\/\/b2b.mideer.lt\/?post_type=product&#038;p=259"},"modified":"2026-04-05T07:32:16","modified_gmt":"2026-04-05T07:32:16","slug":"creative-magnetic-building-blocks-46p","status":"publish","type":"product","link":"https:\/\/b2b.mideer.lt\/en\/product\/creative-magnetic-building-blocks-46p\/","title":{"rendered":"Magnetic constructor 46"},"content":{"rendered":"<div data-mce-fragment=\"1\">\n<p data-sourcepos=\"3:1-3:27\">Creative Magnetic Builders have no polarity, so each block pulls from all sides, ensuring easy construction. These semi-transparent blocks create glowing effects of colour and light to spark children's imagination. Perfect for little hands, the blocks are easy to grasp and manipulate, developing fine motor skills. The smooth surface ensures safe play, while the matt texture increases grip for stable construction. Each set comes with a handy storage bag, making clean-up a breeze.<\/p>\n<p data-sourcepos=\"5:1-5:31\">This set contains 46 parts.<\/p>\n<ul>\n<li data-sourcepos=\"7:1-8:35\"><strong>Am\u017eius:<\/strong>3+<\/li>\n<li data-sourcepos=\"7:1-8:35\"><strong>D\u0117\u017eut\u0117s matmenys:<\/strong>27 cm x 24,5 cm x 4,7 cm<\/li>\n<li data-sourcepos=\"7:1-8:35\"><strong>Med\u017eiaga:<\/strong> MABS<\/li>\n<\/ul>\n<\/div>","protected":false},"excerpt":{"rendered":"<p>K\u016brybiniai magnetiniai konstruktoriai neturi poli\u0161kumo, tod\u0117l kiekvienas blokelis traukia i\u0161 vis\u0173 pusi\u0173,u\u017etikrindamas lengv\u0105 statyb\u0105. \u0160ie pusiau skaidr\u016bs blokeliai sukuria \u017e\u0117rin\u010dius spalv\u0173 ir \u0161viesos efektus, \u017eadinan\u010dius vaik\u0173 vaizduot\u0119. Puikiai tinka ma\u017eoms rankyt\u0117ms, blokeliai lengvai suimami ir manipuliuojami, taip lavinant smulki\u0105j\u0105 motorik\u0105. Lygus pavir\u0161ius u\u017etikrina saug\u0173 \u017eaidim\u0105, o matin\u0117 tekst\u016bra didina sukibim\u0105, kad statiniai b\u016bt\u0173 stabil\u016bs. Kiekvienas rinkinys turi patog\u0173 laikymo mai\u0161el\u012f, tod\u0117l susitvarkymas tampa lengva u\u017eduotimi. \u0160iame rinkinyje yra 46 detal\u0117s. Am\u017eius:3+ D\u0117\u017eut\u0117s matmenys:27 cm x 24,5 cm x 4,7 cm Med\u017eiaga: MABS<\/p>","protected":false},"featured_media":1669,"template":"","meta":[],"product_brand":[],"product_cat":[277],"product_tag":[16,17,32,123,25,23],"class_list":{"0":"post-259","1":"product","2":"type-product","3":"status-publish","4":"has-post-thumbnail","6":"product_cat-smart-products-filter-index-do-not-delete","7":"product_tag-age-3-4-years","8":"product_tag-age-5-6-years","9":"product_tag-building-blocks","10":"product_tag-early-learning-toys","11":"product_tag-new-arrivals","12":"product_tag-test","14":"first","15":"instock","16":"taxable","17":"shipping-taxable","18":"product-type-simple"},"jetpack_sharing_enabled":true,"_links":{"self":[{"href":"https:\/\/b2b.mideer.lt\/en\/wp-json\/wp\/v2\/product\/259"}],"collection":[{"href":"https:\/\/b2b.mideer.lt\/en\/wp-json\/wp\/v2\/product"}],"about":[{"href":"https:\/\/b2b.mideer.lt\/en\/wp-json\/wp\/v2\/types\/product"}],"wp:featuredmedia":[{"embeddable":true,"href":"https:\/\/b2b.mideer.lt\/en\/wp-json\/wp\/v2\/media\/1669"}],"wp:attachment":[{"href":"https:\/\/b2b.mideer.lt\/en\/wp-json\/wp\/v2\/media?parent=259"}],"wp:term":[{"taxonomy":"product_brand","embeddable":true,"href":"https:\/\/b2b.mideer.lt\/en\/wp-json\/wp\/v2\/product_brand?post=259"},{"taxonomy":"product_cat","embeddable":true,"href":"https:\/\/b2b.mideer.lt\/en\/wp-json\/wp\/v2\/product_cat?post=259"},{"taxonomy":"product_tag","embeddable":true,"href":"https:\/\/b2b.mideer.lt\/en\/wp-json\/wp\/v2\/product_tag?post=259"}],"curies":[{"name":"wp","href":"https:\/\/api.w.org\/{rel}","templated":true}]}}