{"id":171,"date":"2024-04-26T07:39:14","date_gmt":"2024-04-26T07:39:14","guid":{"rendered":"https:\/\/b2b.mideer.lt\/product\/pease-crayons-12-colors\/"},"modified":"2026-05-12T07:31:05","modified_gmt":"2026-05-12T07:31:05","slug":"biciu-vasko-kreideles-pupeles-12-spalvu","status":"publish","type":"product","link":"https:\/\/b2b.mideer.lt\/en\/product\/biciu-vasko-kreideles-pupeles-12-spalvu\/","title":{"rendered":"Beeswax crayon beans - 12 colours"},"content":{"rendered":"<h2 class=\"\" data-sourcepos=\"1:1-1:77\">Beeswax crayons \"Beans\" - 12 colours: creative drawing without stains!<\/h2>\n<p data-sourcepos=\"3:1-3:85\"><strong>Open up a colourful world of creativity with beeswax crayons \"Beans\"!<\/strong> This set of 12 bright colours is the perfect choice for little artists who want to discover the joy of drawing.<\/p>\n<p data-sourcepos=\"5:1-5:56\"><strong>Why choose Beeswax Crayons \"Beans\"?<\/strong><\/p>\n<ul data-sourcepos=\"7:1-8:164\">\n<li data-sourcepos=\"7:1-7:228\"><strong>Natural and safe:<\/strong> Made from 100% natural beeswax, these crayons are completely safe for children. Containing no harmful chemicals or toxins, you can rest assured that your little ones are drawing without worries.<\/li>\n<li data-sourcepos=\"8:1-8:164\"><strong>Bright colours:<\/strong> High-quality colour powder from Germany ensures rich and vibrant colours that will let your children's drawings shine through.<\/li>\n<li data-sourcepos=\"9:1-9:173\"><strong>Unique form:<\/strong> The pea-shaped crayons are rounded to fit comfortably in a small hand. This shape encourages correct pencil holding and develops fine motor skills.<\/li>\n<li data-sourcepos=\"10:1-10:135\"><strong>Durability:<\/strong> The beeswax crayons are strong and shatter-resistant, so they can withstand even the most intense play of little artists.<\/li>\n<li data-sourcepos=\"11:1-11:115\"><strong>Absence of stains:<\/strong> These crayons don't smudge your hands or clothes, so you don't have to worry about making a mess while drawing.<\/li>\n<li data-sourcepos=\"12:1-13:0\"><strong>Easy cleaning:<\/strong> If the crayons do leave stains, they can easily be removed with soap and water.<\/li>\n<\/ul>\n<p data-sourcepos=\"14:1-14:42\"><strong>Beeswax crayons \"Beans\" are the perfect gift:<\/strong><\/p>\n<ul data-sourcepos=\"16:1-20:0\">\n<li data-sourcepos=\"16:1-16:15\">For birthdays<\/li>\n<li data-sourcepos=\"17:1-17:10\">For Christmas<\/li>\n<li data-sourcepos=\"18:1-18:20\">For baby's edge<\/li>\n<li data-sourcepos=\"19:1-20:0\">For any occasion when you want to delight your little artist<\/li>\n<\/ul>\n<p data-sourcepos=\"21:1-21:38\"><strong>With these crayons, your children will:<\/strong><\/p>\n<ul data-sourcepos=\"23:1-27:0\">\n<li data-sourcepos=\"23:1-23:38\">Develop your creativity and imagination<\/li>\n<li data-sourcepos=\"24:1-24:56\">Develops fine motor skills and hand-eye coordination<\/li>\n<li data-sourcepos=\"25:1-25:38\">Learn about colours and shades<\/li>\n<li data-sourcepos=\"26:1-27:0\">Experience the joy of drawing and have fun<\/li>\n<\/ul>\n<ul>\n<li style=\"list-style-type: none\">\n<ul>\n<li><strong>Am\u017eius:<\/strong> 3+<\/li>\n<li><strong>D\u0117\u017eut\u0117s matmenys:<\/strong> 21,8 cm x 13,4 cm x 3 cm<\/li>\n<li><strong>Spalvos:<\/strong> 12 colours<\/li>\n<li><strong>Specialus bruo\u017eas:<\/strong> Plaunamos<\/li>\n<li><strong>Size per piece:<\/strong> 5,8 cm x 2,1 cm<\/li>\n<li><strong>Med\u017eiaga:<\/strong> Beeswax<\/li>\n<\/ul>\n<\/li>\n<\/ul>","protected":false},"excerpt":{"rendered":"<p>Bi\u010di\u0173 va\u0161ko kreidel\u0117s &#8220;Pupel\u0117s&#8221; &#8211; 12 spalv\u0173: k\u016brybi\u0161kas pie\u0161imas be d\u0117mi\u0173! Atverkite spalving\u0105 k\u016brybi\u0161kumo pasaul\u012f su bi\u010di\u0173 va\u0161ko kreidel\u0117mis &#8220;Pupel\u0117mis&#8221;! \u0160is rinkinys, susidedantis i\u0161 12 ry\u0161ki\u0173 spalv\u0173, yra puikus pasirinkimas ma\u017eiesiems menininkams, norintiems atrasti pie\u0161imo d\u017eiaugsm\u0105. Kod\u0117l verta rinktis bi\u010di\u0173 va\u0161ko kreideles &#8220;Pupel\u0117s&#8221;? Nat\u016bralumas ir saugumas: Pagamintos i\u0161 100% nat\u016bralaus bi\u010di\u0173 va\u0161ko, \u0161ios kreidel\u0117s yra visi\u0161kai saugios vaikams. Sud\u0117tyje n\u0117ra kenksming\u0173 chemikal\u0173 ar toksin\u0173, tod\u0117l galite b\u016bti ram\u016bs, kad j\u016bs\u0173 ma\u017eyliai pie\u0161ia be r\u016bpes\u010di\u0173. Ry\u0161kios spalvos: Auk\u0161tos kokyb\u0117s spalv\u0173 pudra i\u0161 Vokietijos u\u017etikrina sodrias ir ry\u0161kias spalvas, kurios leis j\u016bs\u0173 vaik\u0173 pie\u0161iniams atsiskleisti visu gra\u017eumu. Unikali forma: \u017dirni\u0173 formos kreidel\u0117s suapvalintos, kad patogiai tilpt\u0173 ma\u017eoje rankut\u0117je. Tokia forma skatina taisykling\u0105 pie\u0161tuko laikym\u0105 ir ugdo smulki\u0105j\u0105 motorik\u0105. Patvarumas: Bi\u010di\u0173 va\u0161ko kreidel\u0117s yra tvirtos ir atsparios l\u016b\u017eimui, tod\u0117l atlaikys net ir aktyviausius ma\u017e\u0173j\u0173 meninink\u0173 \u017eaidimus. D\u0117mi\u0173 nebuvimas: \u0160ios kreidel\u0117s nesutepa rank\u0173 ir drabu\u017ei\u0173, tod\u0117l galite nebijoti d\u0117l netvarkos pie\u0161imo metu. Lengvas valymas: Jei kreidel\u0117s visgi palieka d\u0117mi\u0173, jas lengvai pa\u0161alinsite muilu ir vandeniu. Bi\u010di\u0173 va\u0161ko kreidel\u0117s &#8220;Pupel\u0117s&#8221; &#8211; tai puiki dovana: Gimtadieniams Kal\u0117doms K\u016bdikio kra\u0161teliui Bet kokiai progai, kai norite prad\u017eiuginti ma\u017e\u0105j\u012f meninink\u0105 Su \u0161iomis kreidel\u0117mis j\u016bs\u0173 vaikai: Lavins savo k\u016brybi\u0161kum\u0105 ir vaizduot\u0119 Ugdys smulki\u0105j\u0105 motorik\u0105 ir rank\u0173 judesi\u0173 koordinacij\u0105 I\u0161moks pa\u017einti spalvas ir atspalvius Patirs pie\u0161imo d\u017eiaugsm\u0105 ir leis laik\u0105 smagiai Am\u017eius: 3+ D\u0117\u017eut\u0117s matmenys: 21,8 cm x 13,4 cm x 3 cm Spalvos: 12 spalv\u0173 Specialus bruo\u017eas: Plaunamos Vieno gabalo dydis: 5,8 cm x 2,1 cm Med\u017eiaga: Bi\u010di\u0173 va\u0161kas<\/p>","protected":false},"featured_media":5065,"template":"","meta":[],"product_brand":[],"product_cat":[234,244,250,252,277,268,275],"product_tag":[30,16,41,27,111,20,112,113,52,51,53,114,22],"class_list":{"0":"post-171","1":"product","2":"type-product","3":"status-publish","4":"has-post-thumbnail","6":"product_cat-3-4-metai","7":"product_cat-kas-populiaru","8":"product_cat-menai-ir-kurybiniai-uzsiemimai","9":"product_cat-meno-reikmenys","10":"product_cat-smart-products-filter-index-do-not-delete","11":"product_cat-spalvinimo-priemones","12":"product_cat-visos-meno-prekes","13":"product_tag-2023-new-in","14":"product_tag-age-3-4-years","15":"product_tag-art-supplies","16":"product_tag-arts-crafts","17":"product_tag-biciu-vasko-kreideles","18":"product_tag-gift","19":"product_tag-kreideles","20":"product_tag-kreideles-vaikams","21":"product_tag-kurybines-dirbtuveles","22":"product_tag-kurybines-dirbtuves","23":"product_tag-kurybiskumui","24":"product_tag-naturalios-kreideles","25":"product_tag-regular-sale","27":"first","28":"instock","29":"taxable","30":"shipping-taxable","31":"product-type-simple"},"jetpack_sharing_enabled":true,"_links":{"self":[{"href":"https:\/\/b2b.mideer.lt\/en\/wp-json\/wp\/v2\/product\/171"}],"collection":[{"href":"https:\/\/b2b.mideer.lt\/en\/wp-json\/wp\/v2\/product"}],"about":[{"href":"https:\/\/b2b.mideer.lt\/en\/wp-json\/wp\/v2\/types\/product"}],"wp:featuredmedia":[{"embeddable":true,"href":"https:\/\/b2b.mideer.lt\/en\/wp-json\/wp\/v2\/media\/5065"}],"wp:attachment":[{"href":"https:\/\/b2b.mideer.lt\/en\/wp-json\/wp\/v2\/media?parent=171"}],"wp:term":[{"taxonomy":"product_brand","embeddable":true,"href":"https:\/\/b2b.mideer.lt\/en\/wp-json\/wp\/v2\/product_brand?post=171"},{"taxonomy":"product_cat","embeddable":true,"href":"https:\/\/b2b.mideer.lt\/en\/wp-json\/wp\/v2\/product_cat?post=171"},{"taxonomy":"product_tag","embeddable":true,"href":"https:\/\/b2b.mideer.lt\/en\/wp-json\/wp\/v2\/product_tag?post=171"}],"curies":[{"name":"wp","href":"https:\/\/api.w.org\/{rel}","templated":true}]}}